{"id":1000,"date":"2025-05-02T17:45:05","date_gmt":"2025-05-02T15:45:05","guid":{"rendered":"https:\/\/calaispassionechecs.fr\/?page_id=1000"},"modified":"2025-08-31T16:34:44","modified_gmt":"2025-08-31T14:34:44","slug":"hebergements-2","status":"publish","type":"page","link":"https:\/\/calaispassionechecs.fr\/?page_id=1000&lang=de","title":{"rendered":"Unterk\u00fcnfte"},"content":{"rendered":"\n<p>Hier sind jedoch einige Links zu Unterk\u00fcnften, die Sie interessieren k\u00f6nnten ( mit einem kleinen Preisnachlass)<br>Die Seite wird sich nach und nach f\u00fcllen.<\/p>\n\n\n\n<h2 class=\"wp-block-heading\">Hotels<\/h2>\n\n\n\n<p>Ibis Hotel in Calais Nord, mit den Tarifbedingungen: <a href=\"https:\/\/all.accor.com\/hotel\/7209\/index.fr.shtml\">https:\/\/all.accor.com\/hotel\/7209\/index.fr.shtml<\/a><\/p>\n\n\n\n<figure class=\"wp-block-image aligncenter is-resized\"><img loading=\"lazy\" decoding=\"async\" width=\"300\" height=\"200\" src=\"http:\/\/calaispassionechecs.fr\/wp-content\/uploads\/2025\/02\/ibis-300x200.jpg\" alt=\"\" class=\"wp-image-907\" style=\"width:592px;height:auto\" srcset=\"https:\/\/calaispassionechecs.fr\/wp-content\/uploads\/2025\/02\/ibis-300x200.jpg 300w, https:\/\/calaispassionechecs.fr\/wp-content\/uploads\/2025\/02\/ibis-768x511.jpg 768w, https:\/\/calaispassionechecs.fr\/wp-content\/uploads\/2025\/02\/ibis.jpg 1000w\" sizes=\"(max-width: 300px) 100vw, 300px\" \/><\/figure>\n\n\n\n<p><a href=\"http:\/\/calaispassionechecs.fr\/wp-content\/uploads\/2025\/02\/tournoi-d-echecs-calais-ibis.pdf\">tarifs<\/a><\/p>\n\n\n\n<p>Hotel Metropol: ideale Lage! 5 Minuten von der Spielhalle, 10 Minuten vom Club und direkt vor dem Bahnhof f\u00fcr diejenigen, die mit dem Zug anreisen.<br><a href=\"https:\/\/www.metropolhotel.com\/\">Link zur Website des Hotels<\/a><\/p>\n\n\n\n<figure class=\"wp-block-image aligncenter is-resized\"><img loading=\"lazy\" decoding=\"async\" width=\"900\" height=\"500\" src=\"https:\/\/calaispassionechecs.fr\/wp-content\/uploads\/2025\/04\/hotel-metropol.jpg\" alt=\"\" class=\"wp-image-977\" style=\"width:602px;height:auto\" srcset=\"https:\/\/calaispassionechecs.fr\/wp-content\/uploads\/2025\/04\/hotel-metropol.jpg 900w, https:\/\/calaispassionechecs.fr\/wp-content\/uploads\/2025\/04\/hotel-metropol-300x167.jpg 300w, https:\/\/calaispassionechecs.fr\/wp-content\/uploads\/2025\/04\/hotel-metropol-768x427.jpg 768w\" sizes=\"(max-width: 900px) 100vw, 900px\" \/><\/figure>\n\n\n\n<p><a href=\"http:\/\/calaispassionechecs.fr\/wp-content\/uploads\/2025\/04\/offre-metropol.pdf\">Tarifs<\/a><\/p>\n\n\n\n<h2 class=\"wp-block-heading\">Unterk\u00fcnfte:<\/h2>\n\n\n\n<p>Es gibt viele Air-Bnb-Unterk\u00fcnfte in Calais! Hier sind einige davon, die von Personen gef\u00fchrt werden, die wir kennen.<br><br>&#8211; eine wundersch\u00f6ne Wohnung direkt am Meer (4 Reisende), 5 km vom Rathaus entfernt. <a href=\"https:\/\/www.airbnb.fr\/rooms\/588229964054434179?adults=1&amp;check_in=2025-10-25&amp;check_out=2025-10-30&amp;location=Calais%2C%20France&amp;search_mode=regular_search&amp;source_impression_id=p3_1741184257_P3n4jVCakpLM68Sp&amp;previous_page_section_name=1001&amp;federated_search_id=ed4837bf-2059-40fc-b30a-a8a6e583fc9e\">Link zur Seite<\/a> (Kontaktieren Sie St\u00e9phane: 06 25 05 70 51)<\/p>\n\n\n\n<figure class=\"wp-block-image aligncenter\"><img loading=\"lazy\" decoding=\"async\" width=\"722\" height=\"415\" src=\"http:\/\/calaispassionechecs.fr\/wp-content\/uploads\/2025\/03\/steph.jpg\" alt=\"\" class=\"wp-image-918\" srcset=\"https:\/\/calaispassionechecs.fr\/wp-content\/uploads\/2025\/03\/steph.jpg 722w, https:\/\/calaispassionechecs.fr\/wp-content\/uploads\/2025\/03\/steph-300x172.jpg 300w\" sizes=\"(max-width: 722px) 100vw, 722px\" \/><\/figure>\n\n\n\n<p>&#8211; ein kleines Haus mit 3 Betten (5 Schlafpl\u00e4tze). Nicht weit vom Meer entfernt, 5 km vom Rathaus entfernt: <a href=\"https:\/\/www.leboncoin.fr\/ad\/locations_saisonnieres\/2324129262\">Link zur Seite<\/a> (Kontaktieren Sie S\u00e9verine: 06 23 26 25 06)<\/p>\n\n\n\n<figure class=\"wp-block-image aligncenter\"><img loading=\"lazy\" decoding=\"async\" width=\"600\" height=\"800\" src=\"http:\/\/calaispassionechecs.fr\/wp-content\/uploads\/2025\/03\/61b7973bf79c01fa8ac4a7c4b6cf65d3735d7f7a.jpg\" alt=\"\" class=\"wp-image-943\" srcset=\"https:\/\/calaispassionechecs.fr\/wp-content\/uploads\/2025\/03\/61b7973bf79c01fa8ac4a7c4b6cf65d3735d7f7a.jpg 600w, https:\/\/calaispassionechecs.fr\/wp-content\/uploads\/2025\/03\/61b7973bf79c01fa8ac4a7c4b6cf65d3735d7f7a-225x300.jpg 225w\" sizes=\"(max-width: 600px) 100vw, 600px\" \/><\/figure>\n\n\n\n<p>&#8211; Drei Studios zu sehr g\u00fcnstigen Preisen. Stadtzentrum: 10 Minuten mit dem Auto oder 15-20 Minuten zu Fu\u00df bis zur Halle.<br><a href=\"https:\/\/www.airbnb.fr\/rooms\/1114672774489724925?adults=1&amp;check_in=2025-10-25&amp;check_out=2025-10-30&amp;guests=1&amp;search_mode=regular_search&amp;source_impression_id=p3_1746187503_P3c-liRFPz-shjTW&amp;previous_page_section_name=1000&amp;federated_search_id=f2fe5e18-d596-427d-9eca-8cfdc862c73f\">Studio1<\/a>, <a href=\"https:\/\/www.airbnb.fr\/rooms\/1165991371326451410?adults=1&amp;check_in=2025-10-25&amp;check_out=2025-10-30&amp;guests=1&amp;location=Calais%2C%20France&amp;search_mode=regular_search&amp;source_impression_id=p3_1746188174_P3Ssb2LR3sm6DyXh&amp;previous_page_section_name=1001&amp;federated_search_id=3c933493-34fe-48b2-979b-1cc20cb74377\">Studio 2<\/a>, (Tony kontaktieren: 06 03 68 28 24)<\/p>\n\n\n\n<figure class=\"wp-block-image aligncenter is-resized\"><img loading=\"lazy\" decoding=\"async\" width=\"1200\" height=\"900\" src=\"https:\/\/calaispassionechecs.fr\/wp-content\/uploads\/2025\/05\/e66130a9-529e-4edf-a49f-ba499ea2c428.avif\" alt=\"\" class=\"wp-image-993\" style=\"width:585px;height:auto\"\/><\/figure>\n\n\n\n<figure class=\"wp-block-image aligncenter is-resized\"><img loading=\"lazy\" decoding=\"async\" width=\"1440\" height=\"1080\" src=\"https:\/\/calaispassionechecs.fr\/wp-content\/uploads\/2025\/05\/a13f7d27-5749-4c5f-bf79-d0e7eabdbc71.avif\" alt=\"\" class=\"wp-image-994\" style=\"width:574px;height:auto\"\/><\/figure>\n\n\n\n<p>Zwei Links zu Gruppenunterk\u00fcnften. Wenn Sie eine sehr preisg\u00fcnstige Unterkunft f\u00fcr Gruppen suchen. Die erste ist die eines Clubmitglieds<\/p>\n\n\n\n<p>Der Ort: eine gem\u00fctliche Gruppenunterkunft f\u00fcr 12 Personen (4 Schlafzimmer). Gelegen in Bl\u00e9riot Plage, in der N\u00e4he des Meeres und etwa zehn km von der Spielhalle: <a href=\"https:\/\/lespotbleriotplage.com\/\">https: \/\/lespotbleriotplage.com<\/a> ( Kontakt Christophe)<\/p>\n\n\n\n<figure class=\"wp-block-image aligncenter is-resized\"><img loading=\"lazy\" decoding=\"async\" width=\"1024\" height=\"517\" src=\"http:\/\/calaispassionechecs.fr\/wp-content\/uploads\/2025\/03\/christ-1-1024x517-1.jpg\" alt=\"\" class=\"wp-image-963\" style=\"width:577px;height:auto\" srcset=\"https:\/\/calaispassionechecs.fr\/wp-content\/uploads\/2025\/03\/christ-1-1024x517-1.jpg 1024w, https:\/\/calaispassionechecs.fr\/wp-content\/uploads\/2025\/03\/christ-1-1024x517-1-300x151.jpg 300w, https:\/\/calaispassionechecs.fr\/wp-content\/uploads\/2025\/03\/christ-1-1024x517-1-768x388.jpg 768w\" sizes=\"(max-width: 1024px) 100vw, 1024px\" \/><\/figure>\n\n\n\n<p>Basis Tom Souville: eine gro\u00dfe nautische Basis, auch auf Bl\u00e9riot Plage, mit sehr attraktiven Preisen: <a href=\"https:\/\/tomsouville.fr\/sejours\/\">https:\/\/tomsouville.fr\/sejours\/<\/a><\/p>\n\n\n\n<h2 class=\"wp-block-heading has-large-font-size\">G\u00e4stehaus<\/h2>\n\n\n\n<div class=\"wp-block-group is-layout-constrained wp-block-group-is-layout-constrained\"><div class=\"wp-block-group__inner-container\">\n<p>Dieses Haus ist ein gem\u00fctlicher und freundlicher Ort, an dem Sie sich \u201ewie zu Hause\u201c f\u00fchlen werden. Es liegt 500 Meter vom Spielsaal entfernt.<\/p>\n\n\n\n<ul class=\"wp-block-list\">\n<li>4 komfortable Zimmer mit eigenem Bad,<\/li>\n\n\n\n<li>ein reichhaltiges, hausgemachtes Fr\u00fchst\u00fcck,<\/li>\n\n\n\n<li>ein geselliger G\u00e4stetisch mit frischen Produkten aus der Region,<\/li>\n\n\n\n<li>Und f\u00fcr Neugierige gibt es Kochworkshops unter dem Namen \u201eLes Secrets des Saveurs\u201d (Die Geheimnisse der Aromen).<\/li>\n<\/ul>\n\n\n\n<p>10 % Rabatt auf das Zimmer mit dem Code \u201eSecrets\u201d oder unter Angabe, dass Sie zum Schachturnier kommen<br>(also 81,00 \u20ac f\u00fcr 1 Person statt 90,00 \u20ac und 90,00 \u20ac f\u00fcr zwei Personen statt 100,00 \u20ac inklusive Fr\u00fchst\u00fcck)<br><br>Siehe Website: <a href=\"https:\/\/les-secrets-des-loges.com\/\">https:\/\/les-secrets-des-loges.com\/<\/a><\/p>\n\n\n\n<figure class=\"wp-block-image size-full is-resized\"><img loading=\"lazy\" decoding=\"async\" width=\"940\" height=\"788\" src=\"https:\/\/calaispassionechecs.fr\/wp-content\/uploads\/2025\/08\/Exemple-plateau-repas-hiver.jpg.webp\" alt=\"\" class=\"wp-image-1050\" style=\"width:524px;height:auto\" srcset=\"https:\/\/calaispassionechecs.fr\/wp-content\/uploads\/2025\/08\/Exemple-plateau-repas-hiver.jpg.webp 940w, https:\/\/calaispassionechecs.fr\/wp-content\/uploads\/2025\/08\/Exemple-plateau-repas-hiver.jpg-300x251.webp 300w, https:\/\/calaispassionechecs.fr\/wp-content\/uploads\/2025\/08\/Exemple-plateau-repas-hiver.jpg-768x644.webp 768w\" sizes=\"(max-width: 940px) 100vw, 940px\" \/><\/figure>\n<\/div><\/div>\n","protected":false},"excerpt":{"rendered":"<p>Hier sind jedoch einige Links zu Unterk\u00fcnften, die Sie interessieren k\u00f6nnten ( mit einem kleinen Preisnachlass)Die Seite wird sich nach und nach f\u00fcllen. Hotels Ibis Hotel in Calais Nord, mit [&hellip;]<\/p>\n","protected":false},"author":2,"featured_media":0,"parent":0,"menu_order":0,"comment_status":"closed","ping_status":"closed","template":"","meta":{"saved_in_kubio":false,"site-sidebar-layout":"default","site-content-layout":"","ast-site-content-layout":"default","site-content-style":"default","site-sidebar-style":"default","ast-global-header-display":"","ast-banner-title-visibility":"","ast-main-header-display":"","ast-hfb-above-header-display":"","ast-hfb-below-header-display":"","ast-hfb-mobile-header-display":"","site-post-title":"","ast-breadcrumbs-content":"","ast-featured-img":"","footer-sml-layout":"","theme-transparent-header-meta":"","adv-header-id-meta":"","stick-header-meta":"","header-above-stick-meta":"","header-main-stick-meta":"","header-below-stick-meta":"","astra-migrate-meta-layouts":"set","ast-page-background-enabled":"default","ast-page-background-meta":{"desktop":{"background-color":"var(--ast-global-color-4)","background-image":"","background-repeat":"repeat","background-position":"center center","background-size":"auto","background-attachment":"scroll","background-type":"","background-media":"","overlay-type":"","overlay-color":"","overlay-opacity":"","overlay-gradient":""},"tablet":{"background-color":"","background-image":"","background-repeat":"repeat","background-position":"center center","background-size":"auto","background-attachment":"scroll","background-type":"","background-media":"","overlay-type":"","overlay-color":"","overlay-opacity":"","overlay-gradient":""},"mobile":{"background-color":"","background-image":"","background-repeat":"repeat","background-position":"center center","background-size":"auto","background-attachment":"scroll","background-type":"","background-media":"","overlay-type":"","overlay-color":"","overlay-opacity":"","overlay-gradient":""}},"ast-content-background-meta":{"desktop":{"background-color":"var(--ast-global-color-5)","background-image":"","background-repeat":"repeat","background-position":"center center","background-size":"auto","background-attachment":"scroll","background-type":"","background-media":"","overlay-type":"","overlay-color":"","overlay-opacity":"","overlay-gradient":""},"tablet":{"background-color":"var(--ast-global-color-5)","background-image":"","background-repeat":"repeat","background-position":"center center","background-size":"auto","background-attachment":"scroll","background-type":"","background-media":"","overlay-type":"","overlay-color":"","overlay-opacity":"","overlay-gradient":""},"mobile":{"background-color":"var(--ast-global-color-5)","background-image":"","background-repeat":"repeat","background-position":"center center","background-size":"auto","background-attachment":"scroll","background-type":"","background-media":"","overlay-type":"","overlay-color":"","overlay-opacity":"","overlay-gradient":""}},"footnotes":""},"class_list":["post-1000","page","type-page","status-publish","hentry"],"kubio_ai_page_context":{"short_desc":"","purpose":"general"},"_links":{"self":[{"href":"https:\/\/calaispassionechecs.fr\/index.php?rest_route=\/wp\/v2\/pages\/1000","targetHints":{"allow":["GET"]}}],"collection":[{"href":"https:\/\/calaispassionechecs.fr\/index.php?rest_route=\/wp\/v2\/pages"}],"about":[{"href":"https:\/\/calaispassionechecs.fr\/index.php?rest_route=\/wp\/v2\/types\/page"}],"author":[{"embeddable":true,"href":"https:\/\/calaispassionechecs.fr\/index.php?rest_route=\/wp\/v2\/users\/2"}],"replies":[{"embeddable":true,"href":"https:\/\/calaispassionechecs.fr\/index.php?rest_route=%2Fwp%2Fv2%2Fcomments&post=1000"}],"version-history":[{"count":5,"href":"https:\/\/calaispassionechecs.fr\/index.php?rest_route=\/wp\/v2\/pages\/1000\/revisions"}],"predecessor-version":[{"id":1053,"href":"https:\/\/calaispassionechecs.fr\/index.php?rest_route=\/wp\/v2\/pages\/1000\/revisions\/1053"}],"wp:attachment":[{"href":"https:\/\/calaispassionechecs.fr\/index.php?rest_route=%2Fwp%2Fv2%2Fmedia&parent=1000"}],"curies":[{"name":"wp","href":"https:\/\/api.w.org\/{rel}","templated":true}]}}