{"id":103,"date":"2021-09-23T21:31:09","date_gmt":"2021-09-23T19:31:09","guid":{"rendered":"http:\/\/calaispassionechecs.fr\/?page_id=103"},"modified":"2023-01-15T08:54:46","modified_gmt":"2023-01-15T07:54:46","slug":"contact-acces","status":"publish","type":"page","link":"https:\/\/calaispassionechecs.fr\/?page_id=103","title":{"rendered":"Contact, acc\u00e8s"},"content":{"rendered":"\n<p><\/p>\n\n\n\n<figure class=\"wp-block-image aligncenter size-full\"><img loading=\"lazy\" decoding=\"async\" width=\"1013\" height=\"760\" src=\"http:\/\/calaispassionechecs.fr\/wp-content\/uploads\/2021\/09\/citadelle.jpg\" alt=\"\" class=\"wp-image-104\" srcset=\"https:\/\/calaispassionechecs.fr\/wp-content\/uploads\/2021\/09\/citadelle.jpg 1013w, https:\/\/calaispassionechecs.fr\/wp-content\/uploads\/2021\/09\/citadelle-300x225.jpg 300w, https:\/\/calaispassionechecs.fr\/wp-content\/uploads\/2021\/09\/citadelle-768x576.jpg 768w\" sizes=\"(max-width: 1013px) 100vw, 1013px\" \/><\/figure>\n\n\n\n<p>La salle se trouve dans la citadelle de Calais au stade du souvenir. Pour y acc\u00e9der, il faut entrer dans la citadelle par la porte donnant sur l&rsquo;avenue Pierre de Coubertin. Apr\u00e8s s&rsquo;\u00eatre gar\u00e9 ( parking \u00e0 gauche de la premi\u00e8re porte), passer la seconde porte et suivre l&rsquo;all\u00e9e \u00e0 droite. La salle se trouve au bout de cette all\u00e9e. En pi\u00e8ce jointe, un fichier d\u00e9taillant la route \u00e0 prendre.<\/p>\n\n\n\n<p><\/p>\n\n\n\n<p><strong>Contact: mail: pierre.warnault@gmail.com  ,   t\u00e9l\u00e9phone: 06 85 49 22 25<\/strong><\/p>\n\n\n\n<p><\/p>\n\n\n\n<div data-wp-interactive=\"core\/file\" class=\"wp-block-file\"><object data-wp-bind--hidden=\"!state.hasPdfPreview\" hidden class=\"wp-block-file__embed\" data=\"http:\/\/calaispassionechecs.fr\/wp-content\/uploads\/2021\/11\/plan-dacces.pdf\" type=\"application\/pdf\" style=\"width:100%;height:600px\" aria-label=\"Contenu embarqu\u00e9 plan-dacces.\"><\/object><a id=\"wp-block-file--media-ca69b69b-2774-4871-9630-e6e2dfd1b0b9\" href=\"http:\/\/calaispassionechecs.fr\/wp-content\/uploads\/2021\/11\/plan-dacces.pdf\">plan-dacces<\/a><a href=\"http:\/\/calaispassionechecs.fr\/wp-content\/uploads\/2021\/11\/plan-dacces.pdf\" class=\"wp-block-file__button wp-element-button\" download aria-describedby=\"wp-block-file--media-ca69b69b-2774-4871-9630-e6e2dfd1b0b9\">T\u00e9l\u00e9charger<\/a><\/div>\n\n\n\n<iframe src=\"https:\/\/www.google.com\/maps\/embed?pb=!1m18!1m12!1m3!1d18979.316816809882!2d1.8429206106014566!3d50.95172019023665!2m3!1f0!2f0!3f0!3m2!1i1024!2i768!4f13.1!3m3!1m2!1s0x47dc3f09b3661cef%3A0xea892b0a912bb2f5!2sCitadelle%20de%20Calais!5e0!3m2!1sfr!2sfr!4v1632425129384!5m2!1sfr!2sfr\" style=\"border:0;\" allowfullscreen=\"\" loading=\"lazy\" width=\"600\" height=\"450\"><\/iframe>\n","protected":false},"excerpt":{"rendered":"<p>La salle se trouve dans la citadelle de Calais au stade du souvenir. Pour y acc\u00e9der, il faut entrer dans la citadelle par la porte donnant sur l&rsquo;avenue Pierre de [&hellip;]<\/p>\n","protected":false},"author":2,"featured_media":0,"parent":0,"menu_order":0,"comment_status":"closed","ping_status":"closed","template":"","meta":{"saved_in_kubio":false,"site-sidebar-layout":"default","site-content-layout":"default","ast-site-content-layout":"default","site-content-style":"default","site-sidebar-style":"default","ast-global-header-display":"","ast-banner-title-visibility":"","ast-main-header-display":"","ast-hfb-above-header-display":"","ast-hfb-below-header-display":"","ast-hfb-mobile-header-display":"","site-post-title":"","ast-breadcrumbs-content":"","ast-featured-img":"","footer-sml-layout":"","theme-transparent-header-meta":"default","adv-header-id-meta":"","stick-header-meta":"","header-above-stick-meta":"","header-main-stick-meta":"","header-below-stick-meta":"","astra-migrate-meta-layouts":"default","ast-page-background-enabled":"default","ast-page-background-meta":{"desktop":{"background-color":"var(--ast-global-color-4)","background-image":"","background-repeat":"repeat","background-position":"center center","background-size":"auto","background-attachment":"scroll","background-type":"","background-media":"","overlay-type":"","overlay-color":"","overlay-opacity":"","overlay-gradient":""},"tablet":{"background-color":"","background-image":"","background-repeat":"repeat","background-position":"center center","background-size":"auto","background-attachment":"scroll","background-type":"","background-media":"","overlay-type":"","overlay-color":"","overlay-opacity":"","overlay-gradient":""},"mobile":{"background-color":"","background-image":"","background-repeat":"repeat","background-position":"center center","background-size":"auto","background-attachment":"scroll","background-type":"","background-media":"","overlay-type":"","overlay-color":"","overlay-opacity":"","overlay-gradient":""}},"ast-content-background-meta":{"desktop":{"background-color":"var(--ast-global-color-5)","background-image":"","background-repeat":"repeat","background-position":"center center","background-size":"auto","background-attachment":"scroll","background-type":"","background-media":"","overlay-type":"","overlay-color":"","overlay-opacity":"","overlay-gradient":""},"tablet":{"background-color":"var(--ast-global-color-5)","background-image":"","background-repeat":"repeat","background-position":"center center","background-size":"auto","background-attachment":"scroll","background-type":"","background-media":"","overlay-type":"","overlay-color":"","overlay-opacity":"","overlay-gradient":""},"mobile":{"background-color":"var(--ast-global-color-5)","background-image":"","background-repeat":"repeat","background-position":"center center","background-size":"auto","background-attachment":"scroll","background-type":"","background-media":"","overlay-type":"","overlay-color":"","overlay-opacity":"","overlay-gradient":""}},"footnotes":""},"class_list":["post-103","page","type-page","status-publish","hentry"],"kubio_ai_page_context":{"short_desc":"","purpose":"general"},"_links":{"self":[{"href":"https:\/\/calaispassionechecs.fr\/index.php?rest_route=\/wp\/v2\/pages\/103","targetHints":{"allow":["GET"]}}],"collection":[{"href":"https:\/\/calaispassionechecs.fr\/index.php?rest_route=\/wp\/v2\/pages"}],"about":[{"href":"https:\/\/calaispassionechecs.fr\/index.php?rest_route=\/wp\/v2\/types\/page"}],"author":[{"embeddable":true,"href":"https:\/\/calaispassionechecs.fr\/index.php?rest_route=\/wp\/v2\/users\/2"}],"replies":[{"embeddable":true,"href":"https:\/\/calaispassionechecs.fr\/index.php?rest_route=%2Fwp%2Fv2%2Fcomments&post=103"}],"version-history":[{"count":3,"href":"https:\/\/calaispassionechecs.fr\/index.php?rest_route=\/wp\/v2\/pages\/103\/revisions"}],"predecessor-version":[{"id":239,"href":"https:\/\/calaispassionechecs.fr\/index.php?rest_route=\/wp\/v2\/pages\/103\/revisions\/239"}],"wp:attachment":[{"href":"https:\/\/calaispassionechecs.fr\/index.php?rest_route=%2Fwp%2Fv2%2Fmedia&parent=103"}],"curies":[{"name":"wp","href":"https:\/\/api.w.org\/{rel}","templated":true}]}}