{"id":357,"date":"2024-12-13T20:56:14","date_gmt":"2024-12-13T19:56:14","guid":{"rendered":"http:\/\/calaispassionechecs.fr\/?page_id=357"},"modified":"2025-07-06T06:22:26","modified_gmt":"2025-07-06T04:22:26","slug":"test","status":"publish","type":"page","link":"https:\/\/calaispassionechecs.fr\/?page_id=357","title":{"rendered":"Inscription"},"content":{"rendered":"\n<p><strong>Pour vous inscrire, merci de remplir le formulaire ( en ligne ou en pi\u00e8ce jointe) et de r\u00e9gler votre inscription:<\/strong><br><br>&#8211; <strong><em>par virement sur le compte de Calais Passion Echecs<\/em><\/strong>: <br>IBAN: FR76 3000 3028 7500 0501 1345 424<br>BIC-ADRESSE SWIFT: SOGEFRPP<br><em><strong>Pr\u00e9cisez votre nom sur le virement<\/strong> <strong>si ce n&rsquo;est pas fait automatiquement.<\/strong><\/em><br><br>&#8211; <strong><em>par ch\u00e8que:<\/em><\/strong> <br>\u00e0 l&rsquo;ordre de &lsquo;Calais Passion Echecs&rsquo; et \u00e0 envoyer \u00e0 l&rsquo;adresse:<br>Pierre Warnault<br>2 Impasse du Fournil<br>62137 COULOGNE<br><br>&#8211; <strong><em>Par paypal<\/em><\/strong> :<br>si vous ne pouvez pas faire de virement ou de ch\u00e8que. Indiquez le alors dans votre bulletin d&rsquo;inscription.<\/p>\n\n\n\n<p><br><br><strong><mark style=\"background-color:rgba(0, 0, 0, 0);color:#f10f0f\" class=\"has-inline-color\">L&rsquo;inscription sera valid\u00e9e apr\u00e8s r\u00e9ception du r\u00e8glement.<\/mark><\/strong><br>Montant de l&rsquo;inscription: S\u00e9niors: 50 \u20ac Jeunes: 25 \u20ac. ( 60 \u20ac \/ 30 \u20ac apr\u00e8s le 20 Octobre)<\/p>\n\n\n\n<p><strong><em><mark style=\"background-color:rgba(0, 0, 0, 0);color:#f20808\" class=\"has-inline-color\">Remplissez le formulaire en ligne ci-dessous ou renvoyez le fichier joint<\/mark><\/em><\/strong> ( par mail ou par voie postale ( \u00e0 privil\u00e9gier en cas de paiement par ch\u00e8que) )<\/p>\n\n\n\n<p class=\"has-ast-global-color-0-color has-text-color has-link-color wp-elements-544a1abacfa16815d0068d249f6c318a\"><strong>Apr\u00e8s r\u00e9ception du formulaire ou du courrier, un mail de confirmation vous sera envoy\u00e9. Si vous n&rsquo;avez pas de retour apr\u00e8s quelques jours, merci de nous le signaler ( un probl\u00e8me est toujours possible&#8230;)<\/strong> <strong>(mail: pierre.warnault@gmail.com)<\/strong><\/p>\n\n\n\n<div class=\"wp-block-file\"><a id=\"wp-block-file--media-fd0fcf9e-3b8e-44f0-ba6a-8dc030623edc\" href=\"https:\/\/calaispassionechecs.fr\/wp-content\/uploads\/2025\/01\/formulaire-inscription.odt\">formulaire-inscription<\/a><a href=\"https:\/\/calaispassionechecs.fr\/wp-content\/uploads\/2025\/01\/formulaire-inscription.odt\" class=\"wp-block-file__button wp-element-button\" download aria-describedby=\"wp-block-file--media-fd0fcf9e-3b8e-44f0-ba6a-8dc030623edc\">T\u00e9l\u00e9charger<\/a><\/div>\n\n\n<div class=\"wpforms-container wpforms-container-full wpforms-block wpforms-block-87699677-2765-481e-91ff-6f72034c7108 wpforms-render-modern\" id=\"wpforms-355\"><form id=\"wpforms-form-355\" class=\"wpforms-validate wpforms-form wpforms-ajax-form\" data-formid=\"355\" method=\"post\" enctype=\"multipart\/form-data\" action=\"\/index.php?rest_route=%2Fwp%2Fv2%2Fpages%2F357\" data-token=\"f685f0a9d1a2ad3eeb422a73c98c430a\" data-token-time=\"1776000305\"><noscript class=\"wpforms-error-noscript\">Veuillez activer JavaScript dans votre navigateur pour remplir ce formulaire.<\/noscript><div id=\"wpforms-error-noscript\" style=\"display: none;\">Veuillez activer JavaScript dans votre navigateur pour remplir ce formulaire.<\/div><div class=\"wpforms-field-container\"><div id=\"wpforms-355-field_1-container\" class=\"wpforms-field wpforms-field-name\" data-field-id=\"1\"><fieldset><legend class=\"wpforms-field-label\">Nom <span class=\"wpforms-required-label\" aria-hidden=\"true\">*<\/span><\/legend><div class=\"wpforms-field-row wpforms-field-medium\"><div class=\"wpforms-field-row-block wpforms-first wpforms-one-half\"><input type=\"text\" id=\"wpforms-355-field_1\" class=\"wpforms-field-name-first wpforms-field-required\" name=\"wpforms[fields][1][first]\" aria-errormessage=\"wpforms-355-field_1-error\" required><label for=\"wpforms-355-field_1\" class=\"wpforms-field-sublabel after\">Pr\u00e9nom<\/label><\/div><div class=\"wpforms-field-row-block wpforms-one-half\"><input type=\"text\" id=\"wpforms-355-field_1-last\" class=\"wpforms-field-name-last wpforms-field-required\" name=\"wpforms[fields][1][last]\" aria-errormessage=\"wpforms-355-field_1-last-error\" required><label for=\"wpforms-355-field_1-last\" class=\"wpforms-field-sublabel after\">Nom<\/label><\/div><\/div><\/fieldset><\/div>\t\t<div id=\"wpforms-355-field_4-container\"\n\t\t\tclass=\"wpforms-field wpforms-field-text\"\n\t\t\tdata-field-type=\"text\"\n\t\t\tdata-field-id=\"4\"\n\t\t\t>\n\t\t\t<label class=\"wpforms-field-label\" for=\"wpforms-355-field_4\" >T\u00e9l\u00e9phone Commentaire E-mail<\/label>\n\t\t\t<input type=\"text\" id=\"wpforms-355-field_4\" class=\"wpforms-field-medium\" name=\"wpforms[fields][4]\" >\n\t\t<\/div>\n\t\t<div id=\"wpforms-355-field_2-container\" class=\"wpforms-field wpforms-field-email\" data-field-id=\"2\"><label class=\"wpforms-field-label\" for=\"wpforms-355-field_2\">E-mail <span class=\"wpforms-required-label\" aria-hidden=\"true\">*<\/span><\/label><input type=\"email\" id=\"wpforms-355-field_2\" class=\"wpforms-field-medium wpforms-field-required\" name=\"wpforms[fields][2]\" spellcheck=\"false\" aria-errormessage=\"wpforms-355-field_2-error\" required><\/div><div id=\"wpforms-355-field_6-container\" class=\"wpforms-field wpforms-field-text\" data-field-id=\"6\"><label class=\"wpforms-field-label\" for=\"wpforms-355-field_6\">T\u00e9l\u00e9phone <span class=\"wpforms-required-label\" aria-hidden=\"true\">*<\/span><\/label><input type=\"text\" id=\"wpforms-355-field_6\" class=\"wpforms-field-medium wpforms-field-required\" name=\"wpforms[fields][6]\" aria-errormessage=\"wpforms-355-field_6-error\" required><\/div><div id=\"wpforms-355-field_7-container\" class=\"wpforms-field wpforms-field-text\" data-field-id=\"7\"><label class=\"wpforms-field-label\" for=\"wpforms-355-field_7\">Club<\/label><input type=\"text\" id=\"wpforms-355-field_7\" class=\"wpforms-field-medium\" name=\"wpforms[fields][7]\" aria-errormessage=\"wpforms-355-field_7-error\" ><\/div><div id=\"wpforms-355-field_5-container\" class=\"wpforms-field wpforms-field-text\" data-field-id=\"5\"><label class=\"wpforms-field-label\" for=\"wpforms-355-field_5\">Num\u00e9ro de licence FFE ou code FIDE <span class=\"wpforms-required-label\" aria-hidden=\"true\">*<\/span><\/label><input type=\"text\" id=\"wpforms-355-field_5\" class=\"wpforms-field-medium wpforms-field-required\" name=\"wpforms[fields][5]\" aria-errormessage=\"wpforms-355-field_5-error\" required><\/div><div id=\"wpforms-355-field_3-container\" class=\"wpforms-field wpforms-field-textarea\" data-field-id=\"3\"><label class=\"wpforms-field-label\" for=\"wpforms-355-field_3\">Commentaire ou message<\/label><textarea id=\"wpforms-355-field_3\" class=\"wpforms-field-medium\" name=\"wpforms[fields][3]\" aria-errormessage=\"wpforms-355-field_3-error\" ><\/textarea><\/div><script>\n\t\t\t\t( function() {\n\t\t\t\t\tconst style = document.createElement( 'style' );\n\t\t\t\t\tstyle.appendChild( document.createTextNode( '#wpforms-355-field_4-container { position: absolute !important; overflow: hidden !important; display: inline !important; height: 1px !important; width: 1px !important; z-index: -1000 !important; padding: 0 !important; } #wpforms-355-field_4-container input { visibility: hidden; } #wpforms-conversational-form-page #wpforms-355-field_4-container label { counter-increment: none; }' ) );\n\t\t\t\t\tdocument.head.appendChild( style );\n\t\t\t\t\tdocument.currentScript?.remove();\n\t\t\t\t} )();\n\t\t\t<\/script><\/div><!-- .wpforms-field-container --><div class=\"wpforms-recaptcha-container wpforms-is-recaptcha wpforms-is-recaptcha-type-v2\" ><div class=\"g-recaptcha\" data-sitekey=\"6LftVJ4qAAAAALYJQocBkr-_WG3Rh4lZYMW4_I5H\"><\/div><input type=\"text\" name=\"g-recaptcha-hidden\" class=\"wpforms-recaptcha-hidden\" style=\"position:absolute!important;clip:rect(0,0,0,0)!important;height:1px!important;width:1px!important;border:0!important;overflow:hidden!important;padding:0!important;margin:0!important;\" data-rule-recaptcha=\"1\"><\/div><div class=\"wpforms-submit-container\" ><input type=\"hidden\" name=\"wpforms[id]\" value=\"355\"><input type=\"hidden\" name=\"page_title\" value=\"\"><input type=\"hidden\" name=\"page_url\" value=\"https:\/\/calaispassionechecs.fr\/index.php?rest_route=\/wp\/v2\/pages\/357\"><input type=\"hidden\" name=\"url_referer\" value=\"\"><button type=\"submit\" name=\"wpforms[submit]\" id=\"wpforms-submit-355\" class=\"wpforms-submit\" data-alt-text=\"Envoi...\" data-submit-text=\"Envoyer\" aria-live=\"assertive\" value=\"wpforms-submit\">Envoyer<\/button><img loading=\"lazy\" decoding=\"async\" src=\"https:\/\/calaispassionechecs.fr\/wp-content\/plugins\/wpforms-lite\/assets\/images\/submit-spin.svg\" class=\"wpforms-submit-spinner\" style=\"display: none;\" width=\"26\" height=\"26\" alt=\"Chargement en cours\"><\/div><\/form><\/div>  <!-- .wpforms-container -->\n\n\n<p><\/p>\n","protected":false},"excerpt":{"rendered":"<p>Pour vous inscrire, merci de remplir le formulaire ( en ligne ou en pi\u00e8ce jointe) et de r\u00e9gler votre inscription: &#8211; par virement sur le compte de Calais Passion Echecs: [&hellip;]<\/p>\n","protected":false},"author":2,"featured_media":0,"parent":0,"menu_order":0,"comment_status":"closed","ping_status":"closed","template":"","meta":{"saved_in_kubio":false,"site-sidebar-layout":"default","site-content-layout":"","ast-site-content-layout":"default","site-content-style":"default","site-sidebar-style":"default","ast-global-header-display":"","ast-banner-title-visibility":"","ast-main-header-display":"","ast-hfb-above-header-display":"","ast-hfb-below-header-display":"","ast-hfb-mobile-header-display":"","site-post-title":"","ast-breadcrumbs-content":"","ast-featured-img":"","footer-sml-layout":"","theme-transparent-header-meta":"","adv-header-id-meta":"","stick-header-meta":"","header-above-stick-meta":"","header-main-stick-meta":"","header-below-stick-meta":"","astra-migrate-meta-layouts":"set","ast-page-background-enabled":"default","ast-page-background-meta":{"desktop":{"background-color":"var(--ast-global-color-4)","background-image":"","background-repeat":"repeat","background-position":"center center","background-size":"auto","background-attachment":"scroll","background-type":"","background-media":"","overlay-type":"","overlay-color":"","overlay-opacity":"","overlay-gradient":""},"tablet":{"background-color":"","background-image":"","background-repeat":"repeat","background-position":"center center","background-size":"auto","background-attachment":"scroll","background-type":"","background-media":"","overlay-type":"","overlay-color":"","overlay-opacity":"","overlay-gradient":""},"mobile":{"background-color":"","background-image":"","background-repeat":"repeat","background-position":"center center","background-size":"auto","background-attachment":"scroll","background-type":"","background-media":"","overlay-type":"","overlay-color":"","overlay-opacity":"","overlay-gradient":""}},"ast-content-background-meta":{"desktop":{"background-color":"var(--ast-global-color-5)","background-image":"","background-repeat":"repeat","background-position":"center center","background-size":"auto","background-attachment":"scroll","background-type":"","background-media":"","overlay-type":"","overlay-color":"","overlay-opacity":"","overlay-gradient":""},"tablet":{"background-color":"var(--ast-global-color-5)","background-image":"","background-repeat":"repeat","background-position":"center center","background-size":"auto","background-attachment":"scroll","background-type":"","background-media":"","overlay-type":"","overlay-color":"","overlay-opacity":"","overlay-gradient":""},"mobile":{"background-color":"var(--ast-global-color-5)","background-image":"","background-repeat":"repeat","background-position":"center center","background-size":"auto","background-attachment":"scroll","background-type":"","background-media":"","overlay-type":"","overlay-color":"","overlay-opacity":"","overlay-gradient":""}},"footnotes":""},"class_list":["post-357","page","type-page","status-publish","hentry"],"kubio_ai_page_context":{"short_desc":"","purpose":"general"},"_links":{"self":[{"href":"https:\/\/calaispassionechecs.fr\/index.php?rest_route=\/wp\/v2\/pages\/357","targetHints":{"allow":["GET"]}}],"collection":[{"href":"https:\/\/calaispassionechecs.fr\/index.php?rest_route=\/wp\/v2\/pages"}],"about":[{"href":"https:\/\/calaispassionechecs.fr\/index.php?rest_route=\/wp\/v2\/types\/page"}],"author":[{"embeddable":true,"href":"https:\/\/calaispassionechecs.fr\/index.php?rest_route=\/wp\/v2\/users\/2"}],"replies":[{"embeddable":true,"href":"https:\/\/calaispassionechecs.fr\/index.php?rest_route=%2Fwp%2Fv2%2Fcomments&post=357"}],"version-history":[{"count":23,"href":"https:\/\/calaispassionechecs.fr\/index.php?rest_route=\/wp\/v2\/pages\/357\/revisions"}],"predecessor-version":[{"id":1027,"href":"https:\/\/calaispassionechecs.fr\/index.php?rest_route=\/wp\/v2\/pages\/357\/revisions\/1027"}],"wp:attachment":[{"href":"https:\/\/calaispassionechecs.fr\/index.php?rest_route=%2Fwp%2Fv2%2Fmedia&parent=357"}],"curies":[{"name":"wp","href":"https:\/\/api.w.org\/{rel}","templated":true}]}}