{"id":376,"date":"2024-12-15T13:34:13","date_gmt":"2024-12-15T12:34:13","guid":{"rendered":"http:\/\/calaispassionechecs.fr\/?page_id=376"},"modified":"2025-10-21T13:08:00","modified_gmt":"2025-10-21T11:08:00","slug":"reglement-interieur","status":"publish","type":"page","link":"https:\/\/calaispassionechecs.fr\/?page_id=376","title":{"rendered":"r\u00e9glement int\u00e9rieur"},"content":{"rendered":"\n<p>Pour les paresseux, Un r\u00e9sum\u00e9 des points importants ( g\u00e9n\u00e9r\u00e9 par IA ! )<br><br>Horaires :<br>Pointage : Samedi 25\/10 de 13h30 \u00e0 15h00<br>Ronde 1 : Samedi 25\/10 \u00e0 15h30<br>Ronde 2 : Dimanche 26\/10 \u00e0 09h30<br>Ronde 3 : Dimanche 26\/10 \u00e0 15h00<br>Ronde 4 : Lundi 27\/10 \u00e0 09h30<br>Ronde 5 : Lundi 27\/10 \u00e0 15h00<br>Ronde 6 : Mardi 28\/10 \u00e0 14h30<br>Ronde 7 : Mercredi 29\/10 \u00e0 09h30<br>Ronde 8 : Mercredi 29\/10 \u00e0 15h00<br>Ronde 9 : Jeudi 30\/10 \u00e0 9h30<br>Remise des Prix : Jeudi 30\/10 \u00e0 15h00<\/p>\n\n\n\n<p><\/p>\n\n\n\n<p><strong>ARTICLE 1 : Organisation, Inscription \u200b<\/strong><\/p>\n\n\n\n<ul class=\"wp-block-list\">\n<li>Tournoi organis\u00e9 par Calais passion Echecs et la ville de Calais<\/li>\n\n\n\n<li>Homologu\u00e9 par la FIDE et la FFE<\/li>\n\n\n\n<li>Cl\u00f4ture des inscriptions le 25 octobre 2025 \u00e0 13h30 \u200b<\/li>\n\n\n\n<li>Frais d&rsquo;inscription : 50 \u20ac adultes, 25 \u20ac jeunes, majoration apr\u00e8s le 19 octobre \u200b<\/li>\n\n\n\n<li>Inscription implique acceptation du r\u00e8glement et de la charte du joueur d\u2019\u00e9checs \u200b<\/li>\n<\/ul>\n\n\n\n<p><strong>ARTICLE 2 : Droit \u00e0 l\u2019image \u200b<\/strong><\/p>\n\n\n\n<ul class=\"wp-block-list\">\n<li>Photos et vid\u00e9os peuvent \u00eatre prises pendant le tournoi<\/li>\n\n\n\n<li>Inscription implique acceptation de figurer sur les photos et vid\u00e9os<\/li>\n<\/ul>\n\n\n\n<p><strong>ARTICLE 3: D\u00e9roulement du tournoi \u200b<\/strong><\/p>\n\n\n\n<ul class=\"wp-block-list\">\n<li>9 rondes, ouvert \u00e0 tout joueur affili\u00e9 \u00e0 une f\u00e9d\u00e9ration membre de la FIDE<\/li>\n\n\n\n<li>Horaires des rondes et remise des prix d\u00e9taill\u00e9s<\/li>\n\n\n\n<li>Cadence : 1h30 mn (+ 30s\/cp) pour toute la partie \u200b<\/li>\n\n\n\n<li>Notation des coups obligatoire \u200b<\/li>\n\n\n\n<li>Nulle par accord mutuel possible \u00e0 partir du 20\u00e8me coup ou avec accord de l\u2019arbitre \u200b<\/li>\n\n\n\n<li>Forfait apr\u00e8s 30 minutes de retard<\/li>\n<\/ul>\n\n\n\n<p><strong>ARTICLE 4 : Le Bye \u200b<\/strong><\/p>\n\n\n\n<ul class=\"wp-block-list\">\n<li>Un \u00ab\u00a0BYE\u00a0\u00bb possible par joueur, avec 0,5 point, limit\u00e9 aux rondes 1 \u00e0 6 \u200b<\/li>\n\n\n\n<li>Doit \u00eatre demand\u00e9 avant la fin de la ronde pr\u00e9c\u00e9dente<\/li>\n<\/ul>\n\n\n\n<p><strong>ARTICLE 5 : Appariement \u200b<\/strong><\/p>\n\n\n\n<ul class=\"wp-block-list\">\n<li>Syst\u00e8me suisse acc\u00e9l\u00e9r\u00e9  assist\u00e9 par le programme Papi 3.3.8<\/li>\n<\/ul>\n\n\n\n<p><strong>ARTICLE 6 : Classement et Prix<\/strong><\/p>\n\n\n\n<ul class=\"wp-block-list\">\n<li>Classement aux points de parties \u200b<\/li>\n\n\n\n<li>D\u00e9partage : Buchholz Tronqu\u00e9, Buchholz, Performance<\/li>\n\n\n\n<li>Prix garantis si au moins 60 participants, ajustables selon le nombre d&rsquo;inscrits \u200b<\/li>\n\n\n\n<li>Prix non cumulables, remis aux laur\u00e9ats pr\u00e9sents \u00e0 la c\u00e9r\u00e9monie de cl\u00f4ture \u200b<\/li>\n<\/ul>\n\n\n\n<p><strong>ARTICLE 7 : Arbitrage<\/strong><\/p>\n\n\n\n<ul class=\"wp-block-list\">\n<li>Arbitre principal : Philippe Blot, Arbitre International<\/li>\n<\/ul>\n\n\n\n<p><strong>ARTICLE 8 : Comportement des joueurs \u200b<\/strong><\/p>\n\n\n\n<ul class=\"wp-block-list\">\n<li>Analyses et blitz interdits dans la salle du tournoi<\/li>\n\n\n\n<li>Discussions limit\u00e9es pour \u00e9viter les g\u00eanes<\/li>\n\n\n\n<li>Interdiction d&rsquo;appareils \u00e9lectroniques non autoris\u00e9s par l\u2019arbitre \u200b<\/li>\n\n\n\n<li>Sanctions pour actes contraires \u00e0 l\u2019\u00e9thique du jeu<\/li>\n\n\n\n<li>La consommation de boisson alcoolis\u00e9e est totalement prohib\u00e9e dans l\u2019enceinte de l\u2019h\u00f4tel de ville.<\/li>\n<\/ul>\n\n\n\n<p><strong>ARTICLE 9 : Litige<\/strong><\/p>\n\n\n\n<ul class=\"wp-block-list\">\n<li>Jury d\u2019appel compos\u00e9 de cinq membres, d\u00e9cisions souveraines \u200b<\/li>\n\n\n\n<li>Arbitre comp\u00e9tent pour r\u00e9gler les litiges<\/li>\n\n\n\n<li>Possibilit\u00e9 de saisir le jury d\u2019appel en cas de d\u00e9saccord<\/li>\n<\/ul>\n\n\n\n<div data-wp-interactive=\"core\/file\" class=\"wp-block-file\"><object data-wp-bind--hidden=\"!state.hasPdfPreview\" hidden class=\"wp-block-file__embed\" data=\"https:\/\/calaispassionechecs.fr\/wp-content\/uploads\/2025\/10\/RI_1er-Open-Calais-du-25-au-30-10-2025-2.pdf\" type=\"application\/pdf\" style=\"width:100%;height:600px\" aria-label=\"Contenu embarqu\u00e9 RI_1er-Open-Calais-du-25-au-30-10-2025.\"><\/object><a id=\"wp-block-file--media-c0615d02-7ba9-49bb-b51b-2a17ba3605ed\" href=\"https:\/\/calaispassionechecs.fr\/wp-content\/uploads\/2025\/10\/RI_1er-Open-Calais-du-25-au-30-10-2025-2.pdf\">RI_1er-Open-Calais-du-25-au-30-10-2025<\/a><a href=\"https:\/\/calaispassionechecs.fr\/wp-content\/uploads\/2025\/10\/RI_1er-Open-Calais-du-25-au-30-10-2025-2.pdf\" class=\"wp-block-file__button wp-element-button\" download aria-describedby=\"wp-block-file--media-c0615d02-7ba9-49bb-b51b-2a17ba3605ed\">T\u00e9l\u00e9charger<\/a><\/div>\n","protected":false},"excerpt":{"rendered":"<p>Pour les paresseux, Un r\u00e9sum\u00e9 des points importants ( g\u00e9n\u00e9r\u00e9 par IA ! ) Horaires :Pointage : Samedi 25\/10 de 13h30 \u00e0 15h00Ronde 1 : Samedi 25\/10 \u00e0 15h30Ronde 2 [&hellip;]<\/p>\n","protected":false},"author":2,"featured_media":0,"parent":0,"menu_order":0,"comment_status":"closed","ping_status":"closed","template":"","meta":{"saved_in_kubio":false,"site-sidebar-layout":"default","site-content-layout":"","ast-site-content-layout":"default","site-content-style":"default","site-sidebar-style":"default","ast-global-header-display":"","ast-banner-title-visibility":"","ast-main-header-display":"","ast-hfb-above-header-display":"","ast-hfb-below-header-display":"","ast-hfb-mobile-header-display":"","site-post-title":"disabled","ast-breadcrumbs-content":"","ast-featured-img":"","footer-sml-layout":"","theme-transparent-header-meta":"","adv-header-id-meta":"","stick-header-meta":"","header-above-stick-meta":"","header-main-stick-meta":"","header-below-stick-meta":"","astra-migrate-meta-layouts":"set","ast-page-background-enabled":"default","ast-page-background-meta":{"desktop":{"background-color":"var(--ast-global-color-4)","background-image":"","background-repeat":"repeat","background-position":"center center","background-size":"auto","background-attachment":"scroll","background-type":"","background-media":"","overlay-type":"","overlay-color":"","overlay-opacity":"","overlay-gradient":""},"tablet":{"background-color":"","background-image":"","background-repeat":"repeat","background-position":"center center","background-size":"auto","background-attachment":"scroll","background-type":"","background-media":"","overlay-type":"","overlay-color":"","overlay-opacity":"","overlay-gradient":""},"mobile":{"background-color":"","background-image":"","background-repeat":"repeat","background-position":"center center","background-size":"auto","background-attachment":"scroll","background-type":"","background-media":"","overlay-type":"","overlay-color":"","overlay-opacity":"","overlay-gradient":""}},"ast-content-background-meta":{"desktop":{"background-color":"var(--ast-global-color-5)","background-image":"","background-repeat":"repeat","background-position":"center center","background-size":"auto","background-attachment":"scroll","background-type":"","background-media":"","overlay-type":"","overlay-color":"","overlay-opacity":"","overlay-gradient":""},"tablet":{"background-color":"var(--ast-global-color-5)","background-image":"","background-repeat":"repeat","background-position":"center center","background-size":"auto","background-attachment":"scroll","background-type":"","background-media":"","overlay-type":"","overlay-color":"","overlay-opacity":"","overlay-gradient":""},"mobile":{"background-color":"var(--ast-global-color-5)","background-image":"","background-repeat":"repeat","background-position":"center center","background-size":"auto","background-attachment":"scroll","background-type":"","background-media":"","overlay-type":"","overlay-color":"","overlay-opacity":"","overlay-gradient":""}},"footnotes":""},"class_list":["post-376","page","type-page","status-publish","hentry"],"kubio_ai_page_context":{"short_desc":"","purpose":"general"},"_links":{"self":[{"href":"https:\/\/calaispassionechecs.fr\/index.php?rest_route=\/wp\/v2\/pages\/376","targetHints":{"allow":["GET"]}}],"collection":[{"href":"https:\/\/calaispassionechecs.fr\/index.php?rest_route=\/wp\/v2\/pages"}],"about":[{"href":"https:\/\/calaispassionechecs.fr\/index.php?rest_route=\/wp\/v2\/types\/page"}],"author":[{"embeddable":true,"href":"https:\/\/calaispassionechecs.fr\/index.php?rest_route=\/wp\/v2\/users\/2"}],"replies":[{"embeddable":true,"href":"https:\/\/calaispassionechecs.fr\/index.php?rest_route=%2Fwp%2Fv2%2Fcomments&post=376"}],"version-history":[{"count":13,"href":"https:\/\/calaispassionechecs.fr\/index.php?rest_route=\/wp\/v2\/pages\/376\/revisions"}],"predecessor-version":[{"id":1084,"href":"https:\/\/calaispassionechecs.fr\/index.php?rest_route=\/wp\/v2\/pages\/376\/revisions\/1084"}],"wp:attachment":[{"href":"https:\/\/calaispassionechecs.fr\/index.php?rest_route=%2Fwp%2Fv2%2Fmedia&parent=376"}],"curies":[{"name":"wp","href":"https:\/\/api.w.org\/{rel}","templated":true}]}}