{"id":573,"date":"2024-12-23T21:23:56","date_gmt":"2024-12-23T20:23:56","guid":{"rendered":"https:\/\/calaispassionechecs.fr\/?page_id=573"},"modified":"2025-01-07T20:14:32","modified_gmt":"2025-01-07T19:14:32","slug":"calais-et-ses-environs","status":"publish","type":"page","link":"https:\/\/calaispassionechecs.fr\/?page_id=573","title":{"rendered":"Calais et ses environs"},"content":{"rendered":"\n<p>Difficile de citer tout ce qu&rsquo;on peut faire \u00e0 Calais. Voici quelques pistes pour se changer les id\u00e9es apr\u00e8s une partie d&rsquo;\u00e9checs.<br><br><\/p>\n\n\n\n<p>De nombreux <strong><em>bars et restaurants<\/em><\/strong> vous attendent, notamment dans le quartier de Calais Nord. Voici un lien o\u00f9 vous trouverez des adresses et prix indicatifs. : <a href=\"https:\/\/www.calameo.com\/read\/0046272961511c3f116b4?page=1\">restaurants et hotels<\/a><br>Vous pouvez aussi nous demander conseil car nous connaissons les bonnes adresses<\/p>\n\n\n\n<figure class=\"wp-block-gallery has-nested-images columns-default is-cropped wp-block-gallery-1 is-layout-flex wp-block-gallery-is-layout-flex\">\n<figure class=\"wp-block-image size-large\"><img loading=\"lazy\" decoding=\"async\" width=\"1024\" height=\"576\" data-id=\"588\" src=\"https:\/\/calaispassionechecs.fr\/wp-content\/uploads\/2024\/12\/calais2-1024x576.jpg\" alt=\"\" class=\"wp-image-588\" srcset=\"https:\/\/calaispassionechecs.fr\/wp-content\/uploads\/2024\/12\/calais2-1024x576.jpg 1024w, https:\/\/calaispassionechecs.fr\/wp-content\/uploads\/2024\/12\/calais2-300x169.jpg 300w, https:\/\/calaispassionechecs.fr\/wp-content\/uploads\/2024\/12\/calais2-768x432.jpg 768w, https:\/\/calaispassionechecs.fr\/wp-content\/uploads\/2024\/12\/calais2.jpg 1350w\" sizes=\"auto, (max-width: 1024px) 100vw, 1024px\" \/><\/figure>\n\n\n\n<figure class=\"wp-block-image size-large\"><img loading=\"lazy\" decoding=\"async\" width=\"961\" height=\"641\" data-id=\"583\" src=\"https:\/\/calaispassionechecs.fr\/wp-content\/uploads\/2024\/12\/calaisnord2.jpg\" alt=\"\" class=\"wp-image-583\" srcset=\"https:\/\/calaispassionechecs.fr\/wp-content\/uploads\/2024\/12\/calaisnord2.jpg 961w, https:\/\/calaispassionechecs.fr\/wp-content\/uploads\/2024\/12\/calaisnord2-300x200.jpg 300w, https:\/\/calaispassionechecs.fr\/wp-content\/uploads\/2024\/12\/calaisnord2-768x512.jpg 768w\" sizes=\"auto, (max-width: 961px) 100vw, 961px\" \/><\/figure>\n\n\n\n<figure class=\"wp-block-image size-large\"><img loading=\"lazy\" decoding=\"async\" width=\"1024\" height=\"576\" data-id=\"867\" src=\"http:\/\/calaispassionechecs.fr\/wp-content\/uploads\/2025\/01\/calais-nord-1024x576.jpg\" alt=\"\" class=\"wp-image-867\" srcset=\"https:\/\/calaispassionechecs.fr\/wp-content\/uploads\/2025\/01\/calais-nord-1024x576.jpg 1024w, https:\/\/calaispassionechecs.fr\/wp-content\/uploads\/2025\/01\/calais-nord-300x169.jpg 300w, https:\/\/calaispassionechecs.fr\/wp-content\/uploads\/2025\/01\/calais-nord-768x432.jpg 768w, https:\/\/calaispassionechecs.fr\/wp-content\/uploads\/2025\/01\/calais-nord.jpg 1350w\" sizes=\"auto, (max-width: 1024px) 100vw, 1024px\" \/><\/figure>\n\n\n\n<figure class=\"wp-block-image size-full\"><img loading=\"lazy\" decoding=\"async\" width=\"736\" height=\"552\" data-id=\"865\" src=\"http:\/\/calaispassionechecs.fr\/wp-content\/uploads\/2025\/01\/theatre.jpeg\" alt=\"\" class=\"wp-image-865\" srcset=\"https:\/\/calaispassionechecs.fr\/wp-content\/uploads\/2025\/01\/theatre.jpeg 736w, https:\/\/calaispassionechecs.fr\/wp-content\/uploads\/2025\/01\/theatre-300x225.jpeg 300w\" sizes=\"auto, (max-width: 736px) 100vw, 736px\" \/><\/figure>\n\n\n\n<figure class=\"wp-block-image size-large\"><img loading=\"lazy\" decoding=\"async\" width=\"664\" height=\"374\" data-id=\"592\" src=\"https:\/\/calaispassionechecs.fr\/wp-content\/uploads\/2024\/12\/calaisnord3.jpg\" alt=\"\" class=\"wp-image-592\" srcset=\"https:\/\/calaispassionechecs.fr\/wp-content\/uploads\/2024\/12\/calaisnord3.jpg 664w, https:\/\/calaispassionechecs.fr\/wp-content\/uploads\/2024\/12\/calaisnord3-300x169.jpg 300w\" sizes=\"auto, (max-width: 664px) 100vw, 664px\" \/><\/figure>\n<\/figure>\n\n\n\n<p><\/p>\n\n\n\n<p><\/p>\n\n\n\n<p><br><br>Le <strong><em>front de mer<\/em><\/strong> a \u00e9t\u00e9 r\u00e9nov\u00e9 il y a quelques ann\u00e9es. De quoi faire une belle balade face \u00e0 la mer. Les jeunes pourront y trouver de nombreux jeux, un skate park g\u00e9ant. Les flaneurs pourront se reposer sur les bains de soleil. Et vous aurez s\u00fbrement l&rsquo;occasion de rencontrer un animal \u00e9trange: le dragon. Peut \u00eatre apr\u00e8s l&rsquo;avoir crois\u00e9 sur l&rsquo;\u00e9chiquier.<\/p>\n\n\n\n<div class=\"wp-block-columns is-layout-flex wp-container-core-columns-is-layout-28f84493 wp-block-columns-is-layout-flex\">\n<div class=\"wp-block-column is-layout-flow wp-block-column-is-layout-flow\" style=\"flex-basis:100%\">\n<figure class=\"wp-block-gallery has-nested-images columns-default is-cropped wp-block-gallery-2 is-layout-flex wp-block-gallery-is-layout-flex\">\n<figure class=\"wp-block-image size-large\"><img loading=\"lazy\" decoding=\"async\" width=\"1024\" height=\"768\" data-id=\"581\" src=\"https:\/\/calaispassionechecs.fr\/wp-content\/uploads\/2024\/12\/plage4-1.jpg\" alt=\"\" class=\"wp-image-581\" srcset=\"https:\/\/calaispassionechecs.fr\/wp-content\/uploads\/2024\/12\/plage4-1.jpg 1024w, https:\/\/calaispassionechecs.fr\/wp-content\/uploads\/2024\/12\/plage4-1-300x225.jpg 300w, https:\/\/calaispassionechecs.fr\/wp-content\/uploads\/2024\/12\/plage4-1-768x576.jpg 768w\" sizes=\"auto, (max-width: 1024px) 100vw, 1024px\" \/><\/figure>\n\n\n\n<figure class=\"wp-block-image size-large\"><img loading=\"lazy\" decoding=\"async\" width=\"585\" height=\"389\" data-id=\"576\" src=\"https:\/\/calaispassionechecs.fr\/wp-content\/uploads\/2024\/12\/plage1.jpg\" alt=\"\" class=\"wp-image-576\" srcset=\"https:\/\/calaispassionechecs.fr\/wp-content\/uploads\/2024\/12\/plage1.jpg 585w, https:\/\/calaispassionechecs.fr\/wp-content\/uploads\/2024\/12\/plage1-300x199.jpg 300w\" sizes=\"auto, (max-width: 585px) 100vw, 585px\" \/><\/figure>\n\n\n\n<figure class=\"wp-block-image size-large\"><img loading=\"lazy\" decoding=\"async\" width=\"658\" height=\"371\" data-id=\"574\" src=\"https:\/\/calaispassionechecs.fr\/wp-content\/uploads\/2024\/12\/plage2.jpg\" alt=\"\" class=\"wp-image-574\" srcset=\"https:\/\/calaispassionechecs.fr\/wp-content\/uploads\/2024\/12\/plage2.jpg 658w, https:\/\/calaispassionechecs.fr\/wp-content\/uploads\/2024\/12\/plage2-300x169.jpg 300w\" sizes=\"auto, (max-width: 658px) 100vw, 658px\" \/><\/figure>\n\n\n\n<figure class=\"wp-block-image size-large\"><img loading=\"lazy\" decoding=\"async\" width=\"700\" height=\"467\" data-id=\"579\" src=\"https:\/\/calaispassionechecs.fr\/wp-content\/uploads\/2024\/12\/plage5.jpg\" alt=\"\" class=\"wp-image-579\" srcset=\"https:\/\/calaispassionechecs.fr\/wp-content\/uploads\/2024\/12\/plage5.jpg 700w, https:\/\/calaispassionechecs.fr\/wp-content\/uploads\/2024\/12\/plage5-300x200.jpg 300w\" sizes=\"auto, (max-width: 700px) 100vw, 700px\" \/><\/figure>\n\n\n\n<figure class=\"wp-block-image size-large\"><img loading=\"lazy\" decoding=\"async\" width=\"1024\" height=\"576\" data-id=\"577\" src=\"https:\/\/calaispassionechecs.fr\/wp-content\/uploads\/2024\/12\/plage6-1024x576.jpg\" alt=\"\" class=\"wp-image-577\" srcset=\"https:\/\/calaispassionechecs.fr\/wp-content\/uploads\/2024\/12\/plage6-1024x576.jpg 1024w, https:\/\/calaispassionechecs.fr\/wp-content\/uploads\/2024\/12\/plage6-300x169.jpg 300w, https:\/\/calaispassionechecs.fr\/wp-content\/uploads\/2024\/12\/plage6-768x432.jpg 768w, https:\/\/calaispassionechecs.fr\/wp-content\/uploads\/2024\/12\/plage6.jpg 1350w\" sizes=\"auto, (max-width: 1024px) 100vw, 1024px\" \/><\/figure>\n\n\n\n<figure class=\"wp-block-image size-large\"><img loading=\"lazy\" decoding=\"async\" width=\"1024\" height=\"580\" data-id=\"580\" src=\"https:\/\/calaispassionechecs.fr\/wp-content\/uploads\/2024\/12\/plage7-1024x580.jpg\" alt=\"\" class=\"wp-image-580\" srcset=\"https:\/\/calaispassionechecs.fr\/wp-content\/uploads\/2024\/12\/plage7-1024x580.jpg 1024w, https:\/\/calaispassionechecs.fr\/wp-content\/uploads\/2024\/12\/plage7-300x170.jpg 300w, https:\/\/calaispassionechecs.fr\/wp-content\/uploads\/2024\/12\/plage7-768x435.jpg 768w, https:\/\/calaispassionechecs.fr\/wp-content\/uploads\/2024\/12\/plage7.jpg 1200w\" sizes=\"auto, (max-width: 1024px) 100vw, 1024px\" \/><\/figure>\n\n\n\n<figure class=\"wp-block-image size-large\"><img loading=\"lazy\" decoding=\"async\" width=\"1024\" height=\"682\" data-id=\"578\" src=\"https:\/\/calaispassionechecs.fr\/wp-content\/uploads\/2024\/12\/plage3-1024x682.jpg\" alt=\"\" class=\"wp-image-578\" srcset=\"https:\/\/calaispassionechecs.fr\/wp-content\/uploads\/2024\/12\/plage3-1024x682.jpg 1024w, https:\/\/calaispassionechecs.fr\/wp-content\/uploads\/2024\/12\/plage3-300x200.jpg 300w, https:\/\/calaispassionechecs.fr\/wp-content\/uploads\/2024\/12\/plage3-768x511.jpg 768w, https:\/\/calaispassionechecs.fr\/wp-content\/uploads\/2024\/12\/plage3.jpg 1500w\" sizes=\"auto, (max-width: 1024px) 100vw, 1024px\" \/><\/figure>\n<\/figure>\n<\/div>\n<\/div>\n\n\n\n<p><\/p>\n\n\n\n<p><\/p>\n\n\n\n<p><\/p>\n\n\n\n<p><br><br><br>Il y a aussi des <strong><em>visites \u00e0 faire \u00e0 Calais<\/em><\/strong>. Les plus classiques:<\/p>\n\n\n\n<ul class=\"wp-block-list\">\n<li>Le mus\u00e9e de la dentelle<\/li>\n\n\n\n<li>Le beffroi de l&rsquo;h\u00f4tel de ville<\/li>\n\n\n\n<li>Le phare<\/li>\n\n\n\n<li>La cath\u00e9drale Notre Dame<\/li>\n\n\n\n<li>Le mus\u00e9e des Beaux Arts<\/li>\n\n\n\n<li>La compagnie du dragon<br><br><br><br><\/li>\n<\/ul>\n\n\n\n<figure class=\"wp-block-gallery has-nested-images columns-default is-cropped wp-block-gallery-3 is-layout-flex wp-block-gallery-is-layout-flex\">\n<figure class=\"wp-block-image size-large\"><img loading=\"lazy\" decoding=\"async\" width=\"300\" height=\"300\" data-id=\"633\" src=\"https:\/\/calaispassionechecs.fr\/wp-content\/uploads\/2024\/12\/beffroi.jpg\" alt=\"\" class=\"wp-image-633\" srcset=\"https:\/\/calaispassionechecs.fr\/wp-content\/uploads\/2024\/12\/beffroi.jpg 300w, https:\/\/calaispassionechecs.fr\/wp-content\/uploads\/2024\/12\/beffroi-150x150.jpg 150w\" sizes=\"auto, (max-width: 300px) 100vw, 300px\" \/><\/figure>\n\n\n\n<figure class=\"wp-block-image size-large\"><img loading=\"lazy\" decoding=\"async\" width=\"768\" height=\"1024\" data-id=\"636\" src=\"https:\/\/calaispassionechecs.fr\/wp-content\/uploads\/2024\/12\/Cathedrale-Notre-Dame-de-Calais-768x1024.jpg\" alt=\"\" class=\"wp-image-636\" srcset=\"https:\/\/calaispassionechecs.fr\/wp-content\/uploads\/2024\/12\/Cathedrale-Notre-Dame-de-Calais-768x1024.jpg 768w, https:\/\/calaispassionechecs.fr\/wp-content\/uploads\/2024\/12\/Cathedrale-Notre-Dame-de-Calais-225x300.jpg 225w, https:\/\/calaispassionechecs.fr\/wp-content\/uploads\/2024\/12\/Cathedrale-Notre-Dame-de-Calais-1152x1536.jpg 1152w, https:\/\/calaispassionechecs.fr\/wp-content\/uploads\/2024\/12\/Cathedrale-Notre-Dame-de-Calais-1536x2048.jpg 1536w, https:\/\/calaispassionechecs.fr\/wp-content\/uploads\/2024\/12\/Cathedrale-Notre-Dame-de-Calais.jpg 1920w\" sizes=\"auto, (max-width: 768px) 100vw, 768px\" \/><\/figure>\n\n\n\n<figure class=\"wp-block-image size-large\"><img loading=\"lazy\" decoding=\"async\" width=\"1024\" height=\"683\" data-id=\"635\" src=\"https:\/\/calaispassionechecs.fr\/wp-content\/uploads\/2024\/12\/musee-beaux-arts-1024x683.jpg\" alt=\"\" class=\"wp-image-635\" srcset=\"https:\/\/calaispassionechecs.fr\/wp-content\/uploads\/2024\/12\/musee-beaux-arts-1024x683.jpg 1024w, https:\/\/calaispassionechecs.fr\/wp-content\/uploads\/2024\/12\/musee-beaux-arts-300x200.jpg 300w, https:\/\/calaispassionechecs.fr\/wp-content\/uploads\/2024\/12\/musee-beaux-arts-768x513.jpg 768w, https:\/\/calaispassionechecs.fr\/wp-content\/uploads\/2024\/12\/musee-beaux-arts.jpg 1500w\" sizes=\"auto, (max-width: 1024px) 100vw, 1024px\" \/><\/figure>\n\n\n\n<figure class=\"wp-block-image size-large\"><img loading=\"lazy\" decoding=\"async\" width=\"768\" height=\"1024\" data-id=\"631\" src=\"https:\/\/calaispassionechecs.fr\/wp-content\/uploads\/2024\/12\/Phare-de-Calais-768x1024.jpg\" alt=\"\" class=\"wp-image-631\" srcset=\"https:\/\/calaispassionechecs.fr\/wp-content\/uploads\/2024\/12\/Phare-de-Calais-768x1024.jpg 768w, https:\/\/calaispassionechecs.fr\/wp-content\/uploads\/2024\/12\/Phare-de-Calais-225x300.jpg 225w, https:\/\/calaispassionechecs.fr\/wp-content\/uploads\/2024\/12\/Phare-de-Calais-1152x1536.jpg 1152w, https:\/\/calaispassionechecs.fr\/wp-content\/uploads\/2024\/12\/Phare-de-Calais-1536x2048.jpg 1536w, https:\/\/calaispassionechecs.fr\/wp-content\/uploads\/2024\/12\/Phare-de-Calais.jpg 1920w\" sizes=\"auto, (max-width: 768px) 100vw, 768px\" \/><\/figure>\n\n\n\n<figure class=\"wp-block-image size-large\"><img loading=\"lazy\" decoding=\"async\" width=\"1024\" height=\"576\" data-id=\"634\" src=\"https:\/\/calaispassionechecs.fr\/wp-content\/uploads\/2024\/12\/Photo_Cite-Dentelle-1-1024x576.jpg\" alt=\"\" class=\"wp-image-634\" srcset=\"https:\/\/calaispassionechecs.fr\/wp-content\/uploads\/2024\/12\/Photo_Cite-Dentelle-1-1024x576.jpg 1024w, https:\/\/calaispassionechecs.fr\/wp-content\/uploads\/2024\/12\/Photo_Cite-Dentelle-1-300x169.jpg 300w, https:\/\/calaispassionechecs.fr\/wp-content\/uploads\/2024\/12\/Photo_Cite-Dentelle-1-768x432.jpg 768w, https:\/\/calaispassionechecs.fr\/wp-content\/uploads\/2024\/12\/Photo_Cite-Dentelle-1-1536x864.jpg 1536w, https:\/\/calaispassionechecs.fr\/wp-content\/uploads\/2024\/12\/Photo_Cite-Dentelle-1.jpg 1920w\" sizes=\"auto, (max-width: 1024px) 100vw, 1024px\" \/><\/figure>\n\n\n\n<figure class=\"wp-block-image size-large\"><img loading=\"lazy\" decoding=\"async\" width=\"1024\" height=\"576\" data-id=\"637\" src=\"http:\/\/calaispassionechecs.fr\/wp-content\/uploads\/2024\/12\/boutique-1-1024x576.jpg\" alt=\"\" class=\"wp-image-637\" srcset=\"https:\/\/calaispassionechecs.fr\/wp-content\/uploads\/2024\/12\/boutique-1-1024x576.jpg 1024w, https:\/\/calaispassionechecs.fr\/wp-content\/uploads\/2024\/12\/boutique-1-300x169.jpg 300w, https:\/\/calaispassionechecs.fr\/wp-content\/uploads\/2024\/12\/boutique-1-768x432.jpg 768w, https:\/\/calaispassionechecs.fr\/wp-content\/uploads\/2024\/12\/boutique-1.jpg 1350w\" sizes=\"auto, (max-width: 1024px) 100vw, 1024px\" \/><\/figure>\n<\/figure>\n\n\n\n<p><br><br>Si vous voulez profiter de cette semaine de tournoi pour <strong><em>faire un peu de tourisme<\/em><\/strong>, il y a beaucoup de choses \u00e0 faire non loin de Calais. Pourquoi ne pas prendre un bye et s&rsquo;\u00e9loigner un peu?<br>Pour les amoureux de nature, il y a la c\u00f4te d&rsquo;Opale. L&rsquo;in\u00e9vitable cap blanc nez avec de nombreux chemins de randonn\u00e9e. La digue de Sangatte, celle de Wissant, celle de Wimereux&#8230; Il y a de quoi faire.<br>Un haut lieu touristique \u00e9galement: le centre Nausicaa \u00e0 Boulogne Sur Mer ( 35 km de Calais. Compter 3-4 heures pour la visite).<br>Et pour ceux qui veulent se d\u00e9placer un peu plus loin: Le Touquet et Lille ( \u00e0 une heure de route environ de Calais)<\/p>\n\n\n\n<figure class=\"wp-block-gallery has-nested-images columns-default is-cropped wp-block-gallery-4 is-layout-flex wp-block-gallery-is-layout-flex\">\n<figure class=\"wp-block-image size-large\"><img loading=\"lazy\" decoding=\"async\" width=\"1024\" height=\"577\" data-id=\"627\" src=\"https:\/\/calaispassionechecs.fr\/wp-content\/uploads\/2024\/12\/blanc-nez-cap-1024x577.jpg\" alt=\"\" class=\"wp-image-627\" srcset=\"https:\/\/calaispassionechecs.fr\/wp-content\/uploads\/2024\/12\/blanc-nez-cap-1024x577.jpg 1024w, https:\/\/calaispassionechecs.fr\/wp-content\/uploads\/2024\/12\/blanc-nez-cap-300x169.jpg 300w, https:\/\/calaispassionechecs.fr\/wp-content\/uploads\/2024\/12\/blanc-nez-cap-768x432.jpg 768w, https:\/\/calaispassionechecs.fr\/wp-content\/uploads\/2024\/12\/blanc-nez-cap-1536x865.jpg 1536w, https:\/\/calaispassionechecs.fr\/wp-content\/uploads\/2024\/12\/blanc-nez-cap.jpg 2048w\" sizes=\"auto, (max-width: 1024px) 100vw, 1024px\" \/><\/figure>\n\n\n\n<figure class=\"wp-block-image size-large\"><img loading=\"lazy\" decoding=\"async\" width=\"640\" height=\"640\" data-id=\"620\" src=\"https:\/\/calaispassionechecs.fr\/wp-content\/uploads\/2024\/12\/dunes-de-la-slack.jpg\" alt=\"\" class=\"wp-image-620\" srcset=\"https:\/\/calaispassionechecs.fr\/wp-content\/uploads\/2024\/12\/dunes-de-la-slack.jpg 640w, https:\/\/calaispassionechecs.fr\/wp-content\/uploads\/2024\/12\/dunes-de-la-slack-300x300.jpg 300w, https:\/\/calaispassionechecs.fr\/wp-content\/uploads\/2024\/12\/dunes-de-la-slack-150x150.jpg 150w\" sizes=\"auto, (max-width: 640px) 100vw, 640px\" \/><\/figure>\n\n\n\n<figure class=\"wp-block-image size-large\"><img loading=\"lazy\" decoding=\"async\" width=\"640\" height=\"480\" data-id=\"619\" src=\"https:\/\/calaispassionechecs.fr\/wp-content\/uploads\/2024\/12\/wimereux.jpg\" alt=\"\" class=\"wp-image-619\" srcset=\"https:\/\/calaispassionechecs.fr\/wp-content\/uploads\/2024\/12\/wimereux.jpg 640w, https:\/\/calaispassionechecs.fr\/wp-content\/uploads\/2024\/12\/wimereux-300x225.jpg 300w\" sizes=\"auto, (max-width: 640px) 100vw, 640px\" \/><\/figure>\n\n\n\n<figure class=\"wp-block-image size-large\"><img loading=\"lazy\" decoding=\"async\" width=\"860\" height=\"560\" data-id=\"622\" src=\"https:\/\/calaispassionechecs.fr\/wp-content\/uploads\/2024\/12\/LE-TOUQUET.jpg\" alt=\"\" class=\"wp-image-622\" srcset=\"https:\/\/calaispassionechecs.fr\/wp-content\/uploads\/2024\/12\/LE-TOUQUET.jpg 860w, https:\/\/calaispassionechecs.fr\/wp-content\/uploads\/2024\/12\/LE-TOUQUET-300x195.jpg 300w, https:\/\/calaispassionechecs.fr\/wp-content\/uploads\/2024\/12\/LE-TOUQUET-768x500.jpg 768w\" sizes=\"auto, (max-width: 860px) 100vw, 860px\" \/><\/figure>\n\n\n\n<figure class=\"wp-block-image size-large\"><img loading=\"lazy\" decoding=\"async\" width=\"640\" height=\"854\" data-id=\"623\" src=\"https:\/\/calaispassionechecs.fr\/wp-content\/uploads\/2024\/12\/lille.jpg\" alt=\"\" class=\"wp-image-623\" srcset=\"https:\/\/calaispassionechecs.fr\/wp-content\/uploads\/2024\/12\/lille.jpg 640w, https:\/\/calaispassionechecs.fr\/wp-content\/uploads\/2024\/12\/lille-225x300.jpg 225w\" sizes=\"auto, (max-width: 640px) 100vw, 640px\" \/><\/figure>\n\n\n\n<figure class=\"wp-block-image size-large\"><img loading=\"lazy\" decoding=\"async\" width=\"1024\" height=\"576\" data-id=\"625\" src=\"https:\/\/calaispassionechecs.fr\/wp-content\/uploads\/2024\/12\/nausicaa-1024x576.jpg\" alt=\"\" class=\"wp-image-625\" srcset=\"https:\/\/calaispassionechecs.fr\/wp-content\/uploads\/2024\/12\/nausicaa-1024x576.jpg 1024w, https:\/\/calaispassionechecs.fr\/wp-content\/uploads\/2024\/12\/nausicaa-300x169.jpg 300w, https:\/\/calaispassionechecs.fr\/wp-content\/uploads\/2024\/12\/nausicaa-768x432.jpg 768w, https:\/\/calaispassionechecs.fr\/wp-content\/uploads\/2024\/12\/nausicaa.jpg 1350w\" sizes=\"auto, (max-width: 1024px) 100vw, 1024px\" \/><\/figure>\n\n\n\n<figure class=\"wp-block-image size-large\"><img loading=\"lazy\" decoding=\"async\" width=\"899\" height=\"599\" data-id=\"624\" src=\"https:\/\/calaispassionechecs.fr\/wp-content\/uploads\/2024\/12\/nouvelle-digue-wissant.jpg\" alt=\"\" class=\"wp-image-624\" srcset=\"https:\/\/calaispassionechecs.fr\/wp-content\/uploads\/2024\/12\/nouvelle-digue-wissant.jpg 899w, https:\/\/calaispassionechecs.fr\/wp-content\/uploads\/2024\/12\/nouvelle-digue-wissant-300x200.jpg 300w, https:\/\/calaispassionechecs.fr\/wp-content\/uploads\/2024\/12\/nouvelle-digue-wissant-768x512.jpg 768w\" sizes=\"auto, (max-width: 899px) 100vw, 899px\" \/><\/figure>\n<\/figure>\n\n\n\n<p><\/p>\n","protected":false},"excerpt":{"rendered":"<p>Difficile de citer tout ce qu&rsquo;on peut faire \u00e0 Calais. Voici quelques pistes pour se changer les id\u00e9es apr\u00e8s une partie d&rsquo;\u00e9checs. De nombreux bars et restaurants vous attendent, notamment [&hellip;]<\/p>\n","protected":false},"author":2,"featured_media":0,"parent":0,"menu_order":0,"comment_status":"closed","ping_status":"closed","template":"","meta":{"site-sidebar-layout":"default","site-content-layout":"","ast-site-content-layout":"default","site-content-style":"default","site-sidebar-style":"default","ast-global-header-display":"","ast-banner-title-visibility":"","ast-main-header-display":"","ast-hfb-above-header-display":"","ast-hfb-below-header-display":"","ast-hfb-mobile-header-display":"","site-post-title":"","ast-breadcrumbs-content":"","ast-featured-img":"","footer-sml-layout":"","theme-transparent-header-meta":"","adv-header-id-meta":"","stick-header-meta":"","header-above-stick-meta":"","header-main-stick-meta":"","header-below-stick-meta":"","astra-migrate-meta-layouts":"set","ast-page-background-enabled":"default","ast-page-background-meta":{"desktop":{"background-color":"var(--ast-global-color-4)","background-image":"","background-repeat":"repeat","background-position":"center center","background-size":"auto","background-attachment":"scroll","background-type":"","background-media":"","overlay-type":"","overlay-color":"","overlay-opacity":"","overlay-gradient":""},"tablet":{"background-color":"","background-image":"","background-repeat":"repeat","background-position":"center center","background-size":"auto","background-attachment":"scroll","background-type":"","background-media":"","overlay-type":"","overlay-color":"","overlay-opacity":"","overlay-gradient":""},"mobile":{"background-color":"","background-image":"","background-repeat":"repeat","background-position":"center center","background-size":"auto","background-attachment":"scroll","background-type":"","background-media":"","overlay-type":"","overlay-color":"","overlay-opacity":"","overlay-gradient":""}},"ast-content-background-meta":{"desktop":{"background-color":"var(--ast-global-color-5)","background-image":"","background-repeat":"repeat","background-position":"center center","background-size":"auto","background-attachment":"scroll","background-type":"","background-media":"","overlay-type":"","overlay-color":"","overlay-opacity":"","overlay-gradient":""},"tablet":{"background-color":"var(--ast-global-color-5)","background-image":"","background-repeat":"repeat","background-position":"center center","background-size":"auto","background-attachment":"scroll","background-type":"","background-media":"","overlay-type":"","overlay-color":"","overlay-opacity":"","overlay-gradient":""},"mobile":{"background-color":"var(--ast-global-color-5)","background-image":"","background-repeat":"repeat","background-position":"center center","background-size":"auto","background-attachment":"scroll","background-type":"","background-media":"","overlay-type":"","overlay-color":"","overlay-opacity":"","overlay-gradient":""}},"footnotes":""},"class_list":["post-573","page","type-page","status-publish","hentry"],"_links":{"self":[{"href":"https:\/\/calaispassionechecs.fr\/index.php?rest_route=\/wp\/v2\/pages\/573","targetHints":{"allow":["GET"]}}],"collection":[{"href":"https:\/\/calaispassionechecs.fr\/index.php?rest_route=\/wp\/v2\/pages"}],"about":[{"href":"https:\/\/calaispassionechecs.fr\/index.php?rest_route=\/wp\/v2\/types\/page"}],"author":[{"embeddable":true,"href":"https:\/\/calaispassionechecs.fr\/index.php?rest_route=\/wp\/v2\/users\/2"}],"replies":[{"embeddable":true,"href":"https:\/\/calaispassionechecs.fr\/index.php?rest_route=%2Fwp%2Fv2%2Fcomments&post=573"}],"version-history":[{"count":19,"href":"https:\/\/calaispassionechecs.fr\/index.php?rest_route=\/wp\/v2\/pages\/573\/revisions"}],"predecessor-version":[{"id":873,"href":"https:\/\/calaispassionechecs.fr\/index.php?rest_route=\/wp\/v2\/pages\/573\/revisions\/873"}],"wp:attachment":[{"href":"https:\/\/calaispassionechecs.fr\/index.php?rest_route=%2Fwp%2Fv2%2Fmedia&parent=573"}],"curies":[{"name":"wp","href":"https:\/\/api.w.org\/{rel}","templated":true}]}}