{"id":678,"date":"2024-12-25T18:40:35","date_gmt":"2024-12-25T17:40:35","guid":{"rendered":"https:\/\/calaispassionechecs.fr\/?page_id=678"},"modified":"2025-07-06T06:26:05","modified_gmt":"2025-07-06T04:26:05","slug":"anmeldung","status":"publish","type":"page","link":"https:\/\/calaispassionechecs.fr\/?page_id=678&lang=de","title":{"rendered":"Anmeldung"},"content":{"rendered":"\n<p>Um sich anzumelden, f\u00fcllen Sie bitte das Formular (online oder im Anhang) aus und bezahlen Sie Ihre Anmeldung:<\/p>\n\n\n\n<ul class=\"wp-block-list\">\n<li>per \u00dcberweisung auf das Konto von Calais Passion Echecs:<br>IBAN: FR76 3000 3028 7500 0501 1345 424<br>BIC-SWIFT-ADRESSE: SOGEFRPP<br>Geben Sie Ihren Namen auf der \u00dcberweisung an, falls diese nicht automatisch erfolgt.<\/li>\n\n\n\n<li>per Scheck:<br>auf &lsquo;Calais Passion Echecs&rsquo; ausgestellt und an die folgende Adresse geschickt werden:<br>Pierre Warnault<br>2 Impasse du Fournil<br>62137 COULOGNE<\/li>\n\n\n\n<li>per Paypal:<br>wenn Sie nicht \u00fcberweisen oder einen Scheck ausstellen k\u00f6nnen. Geben Sie dies dann in Ihrem Anmeldeformular an.<\/li>\n<\/ul>\n\n\n\n<p class=\"has-vivid-red-color has-text-color has-link-color wp-elements-f89cf06ad0a03202eff2fc86c156dfbb\"><strong>Die Anmeldung wird nach Eingang der Zahlung best\u00e4tigt.<\/strong><\/p>\n\n\n\n<p><br>Anmeldegeb\u00fchr: Senioren: 50 \u20ac Jugendliche: 25 \u20ac. (60 \u20ac \/ 30 \u20ac nach dem 20. Oktober).<\/p>\n\n\n\n<p class=\"has-vivid-red-color has-text-color has-link-color wp-elements-8b16239deef365662561944442d57912\"><strong>F\u00fcllen Sie das untenstehende Online-Formular aus oder senden Sie die beigef\u00fcgte Datei<\/strong> <br>(per E-Mail oder per Post (bevorzugt bei Zahlung per Scheck)).<\/p>\n\n\n\n<p class=\"has-ast-global-color-0-color has-text-color has-link-color wp-elements-4f6668323584da4d1e6cf5d53529f1b4\"><strong>Sobald wir Ihr Formular oder Ihren Brief erhalten haben, schicken wir Ihnen eine Best\u00e4tigungs-E-Mail. Wenn Sie nach einigen Tagen noch keine R\u00fcckmeldung erhalten haben, teilen Sie uns dies bitte mit (ein Problem ist immer m\u00f6glich&#8230;)<\/strong><br><strong><strong>(mail: pierre.warnault@gmail.com)<\/strong>.<\/strong><\/p>\n\n\n\n<div class=\"wp-block-file\"><a id=\"wp-block-file--media-1fbc624a-66aa-4ad7-8b97-e0db34e75f41\" href=\"https:\/\/calaispassionechecs.fr\/wp-content\/uploads\/2024\/12\/Formular-fur-die-Anmeldung.odt\">Formular f\u00fcr die Anmeldung<\/a><a href=\"https:\/\/calaispassionechecs.fr\/wp-content\/uploads\/2024\/12\/Formular-fur-die-Anmeldung.odt\" class=\"wp-block-file__button wp-element-button\" download aria-describedby=\"wp-block-file--media-1fbc624a-66aa-4ad7-8b97-e0db34e75f41\">T\u00e9l\u00e9charger<\/a><\/div>\n\n\n<div class=\"wpforms-container wpforms-container-full wpforms-block wpforms-block-442de85f-809b-42b3-b7b5-95a66b319f7d wpforms-render-modern\" id=\"wpforms-681\"><form id=\"wpforms-form-681\" class=\"wpforms-validate wpforms-form wpforms-ajax-form\" data-formid=\"681\" method=\"post\" enctype=\"multipart\/form-data\" action=\"\/index.php?rest_route=%2Fwp%2Fv2%2Fpages%2F678\" data-token=\"c5bb3ed6ac58f81d85c220882aba8bc9\" data-token-time=\"1776001081\"><noscript class=\"wpforms-error-noscript\">Veuillez activer JavaScript dans votre navigateur pour remplir ce formulaire.<\/noscript><div id=\"wpforms-error-noscript\" style=\"display: none;\">Veuillez activer JavaScript dans votre navigateur pour remplir ce formulaire.<\/div><div class=\"wpforms-field-container\"><div id=\"wpforms-681-field_1-container\" class=\"wpforms-field wpforms-field-name\" data-field-id=\"1\"><fieldset><legend class=\"wpforms-field-label\">Name <span class=\"wpforms-required-label\" aria-hidden=\"true\">*<\/span><\/legend><div class=\"wpforms-field-row wpforms-field-medium\"><div class=\"wpforms-field-row-block wpforms-first wpforms-one-half\"><input type=\"text\" id=\"wpforms-681-field_1\" class=\"wpforms-field-name-first wpforms-field-required\" name=\"wpforms[fields][1][first]\" aria-errormessage=\"wpforms-681-field_1-error\" required><label for=\"wpforms-681-field_1\" class=\"wpforms-field-sublabel after\">Pr\u00e9nom<\/label><\/div><div class=\"wpforms-field-row-block wpforms-one-half\"><input type=\"text\" id=\"wpforms-681-field_1-last\" class=\"wpforms-field-name-last wpforms-field-required\" name=\"wpforms[fields][1][last]\" aria-errormessage=\"wpforms-681-field_1-last-error\" required><label for=\"wpforms-681-field_1-last\" class=\"wpforms-field-sublabel after\">Nom<\/label><\/div><\/div><\/fieldset><\/div><div id=\"wpforms-681-field_2-container\" class=\"wpforms-field wpforms-field-email\" data-field-id=\"2\"><label class=\"wpforms-field-label\" for=\"wpforms-681-field_2\">E-mail <span class=\"wpforms-required-label\" aria-hidden=\"true\">*<\/span><\/label><input type=\"email\" id=\"wpforms-681-field_2\" class=\"wpforms-field-medium wpforms-field-required\" name=\"wpforms[fields][2]\" spellcheck=\"false\" aria-errormessage=\"wpforms-681-field_2-error\" required><\/div><div id=\"wpforms-681-field_6-container\" class=\"wpforms-field wpforms-field-text\" data-field-id=\"6\"><label class=\"wpforms-field-label\" for=\"wpforms-681-field_6\">Phone <span class=\"wpforms-required-label\" aria-hidden=\"true\">*<\/span><\/label><input type=\"text\" id=\"wpforms-681-field_6\" class=\"wpforms-field-medium wpforms-field-required\" name=\"wpforms[fields][6]\" aria-errormessage=\"wpforms-681-field_6-error\" required><\/div><div id=\"wpforms-681-field_7-container\" class=\"wpforms-field wpforms-field-text\" data-field-id=\"7\"><label class=\"wpforms-field-label\" for=\"wpforms-681-field_7\">Verein<\/label><input type=\"text\" id=\"wpforms-681-field_7\" class=\"wpforms-field-medium\" name=\"wpforms[fields][7]\" aria-errormessage=\"wpforms-681-field_7-error\" ><\/div><div id=\"wpforms-681-field_5-container\" class=\"wpforms-field wpforms-field-text\" data-field-id=\"5\"><label class=\"wpforms-field-label\" for=\"wpforms-681-field_5\">FIDE-code <span class=\"wpforms-required-label\" aria-hidden=\"true\">*<\/span><\/label><input type=\"text\" id=\"wpforms-681-field_5\" class=\"wpforms-field-medium wpforms-field-required\" name=\"wpforms[fields][5]\" aria-errormessage=\"wpforms-681-field_5-error\" required><\/div>\t\t<div id=\"wpforms-681-field_4-container\"\n\t\t\tclass=\"wpforms-field wpforms-field-text\"\n\t\t\tdata-field-type=\"text\"\n\t\t\tdata-field-id=\"4\"\n\t\t\t>\n\t\t\t<label class=\"wpforms-field-label\" for=\"wpforms-681-field_4\" >Verein Phone E-mail<\/label>\n\t\t\t<input type=\"text\" id=\"wpforms-681-field_4\" class=\"wpforms-field-medium\" name=\"wpforms[fields][4]\" >\n\t\t<\/div>\n\t\t<div id=\"wpforms-681-field_3-container\" class=\"wpforms-field wpforms-field-textarea\" data-field-id=\"3\"><label class=\"wpforms-field-label\" for=\"wpforms-681-field_3\">Bemerkungen:<\/label><textarea id=\"wpforms-681-field_3\" class=\"wpforms-field-medium\" name=\"wpforms[fields][3]\" aria-errormessage=\"wpforms-681-field_3-error\" ><\/textarea><\/div><script>\n\t\t\t\t( function() {\n\t\t\t\t\tconst style = document.createElement( 'style' );\n\t\t\t\t\tstyle.appendChild( document.createTextNode( '#wpforms-681-field_4-container { position: absolute !important; overflow: hidden !important; display: inline !important; height: 1px !important; width: 1px !important; z-index: -1000 !important; padding: 0 !important; } #wpforms-681-field_4-container input { visibility: hidden; } #wpforms-conversational-form-page #wpforms-681-field_4-container label { counter-increment: none; }' ) );\n\t\t\t\t\tdocument.head.appendChild( style );\n\t\t\t\t\tdocument.currentScript?.remove();\n\t\t\t\t} )();\n\t\t\t<\/script><\/div><!-- .wpforms-field-container --><div class=\"wpforms-recaptcha-container wpforms-is-recaptcha wpforms-is-recaptcha-type-v2\" ><div class=\"g-recaptcha\" data-sitekey=\"6LftVJ4qAAAAALYJQocBkr-_WG3Rh4lZYMW4_I5H\"><\/div><input type=\"text\" name=\"g-recaptcha-hidden\" class=\"wpforms-recaptcha-hidden\" style=\"position:absolute!important;clip:rect(0,0,0,0)!important;height:1px!important;width:1px!important;border:0!important;overflow:hidden!important;padding:0!important;margin:0!important;\" data-rule-recaptcha=\"1\"><\/div><div class=\"wpforms-submit-container\" ><input type=\"hidden\" name=\"wpforms[id]\" value=\"681\"><input type=\"hidden\" name=\"page_title\" value=\"\"><input type=\"hidden\" name=\"page_url\" value=\"https:\/\/calaispassionechecs.fr\/index.php?rest_route=\/wp\/v2\/pages\/678\"><input type=\"hidden\" name=\"url_referer\" value=\"\"><button type=\"submit\" name=\"wpforms[submit]\" id=\"wpforms-submit-681\" class=\"wpforms-submit\" data-alt-text=\"Envoi...\" data-submit-text=\"Envoyer\" aria-live=\"assertive\" value=\"wpforms-submit\">Envoyer<\/button><img loading=\"lazy\" decoding=\"async\" src=\"https:\/\/calaispassionechecs.fr\/wp-content\/plugins\/wpforms-lite\/assets\/images\/submit-spin.svg\" class=\"wpforms-submit-spinner\" style=\"display: none;\" width=\"26\" height=\"26\" alt=\"Chargement en cours\"><\/div><\/form><\/div>  <!-- .wpforms-container -->","protected":false},"excerpt":{"rendered":"<p>Um sich anzumelden, f\u00fcllen Sie bitte das Formular (online oder im Anhang) aus und bezahlen Sie Ihre Anmeldung: Die Anmeldung wird nach Eingang der Zahlung best\u00e4tigt. Anmeldegeb\u00fchr: Senioren: 50 \u20ac [&hellip;]<\/p>\n","protected":false},"author":2,"featured_media":0,"parent":0,"menu_order":0,"comment_status":"closed","ping_status":"closed","template":"","meta":{"saved_in_kubio":false,"site-sidebar-layout":"default","site-content-layout":"","ast-site-content-layout":"default","site-content-style":"default","site-sidebar-style":"default","ast-global-header-display":"","ast-banner-title-visibility":"","ast-main-header-display":"","ast-hfb-above-header-display":"","ast-hfb-below-header-display":"","ast-hfb-mobile-header-display":"","site-post-title":"","ast-breadcrumbs-content":"","ast-featured-img":"","footer-sml-layout":"","theme-transparent-header-meta":"","adv-header-id-meta":"","stick-header-meta":"","header-above-stick-meta":"","header-main-stick-meta":"","header-below-stick-meta":"","astra-migrate-meta-layouts":"set","ast-page-background-enabled":"default","ast-page-background-meta":{"desktop":{"background-color":"var(--ast-global-color-4)","background-image":"","background-repeat":"repeat","background-position":"center center","background-size":"auto","background-attachment":"scroll","background-type":"","background-media":"","overlay-type":"","overlay-color":"","overlay-opacity":"","overlay-gradient":""},"tablet":{"background-color":"","background-image":"","background-repeat":"repeat","background-position":"center center","background-size":"auto","background-attachment":"scroll","background-type":"","background-media":"","overlay-type":"","overlay-color":"","overlay-opacity":"","overlay-gradient":""},"mobile":{"background-color":"","background-image":"","background-repeat":"repeat","background-position":"center center","background-size":"auto","background-attachment":"scroll","background-type":"","background-media":"","overlay-type":"","overlay-color":"","overlay-opacity":"","overlay-gradient":""}},"ast-content-background-meta":{"desktop":{"background-color":"var(--ast-global-color-5)","background-image":"","background-repeat":"repeat","background-position":"center center","background-size":"auto","background-attachment":"scroll","background-type":"","background-media":"","overlay-type":"","overlay-color":"","overlay-opacity":"","overlay-gradient":""},"tablet":{"background-color":"var(--ast-global-color-5)","background-image":"","background-repeat":"repeat","background-position":"center center","background-size":"auto","background-attachment":"scroll","background-type":"","background-media":"","overlay-type":"","overlay-color":"","overlay-opacity":"","overlay-gradient":""},"mobile":{"background-color":"var(--ast-global-color-5)","background-image":"","background-repeat":"repeat","background-position":"center center","background-size":"auto","background-attachment":"scroll","background-type":"","background-media":"","overlay-type":"","overlay-color":"","overlay-opacity":"","overlay-gradient":""}},"footnotes":""},"class_list":["post-678","page","type-page","status-publish","hentry"],"kubio_ai_page_context":{"short_desc":"","purpose":"general"},"_links":{"self":[{"href":"https:\/\/calaispassionechecs.fr\/index.php?rest_route=\/wp\/v2\/pages\/678","targetHints":{"allow":["GET"]}}],"collection":[{"href":"https:\/\/calaispassionechecs.fr\/index.php?rest_route=\/wp\/v2\/pages"}],"about":[{"href":"https:\/\/calaispassionechecs.fr\/index.php?rest_route=\/wp\/v2\/types\/page"}],"author":[{"embeddable":true,"href":"https:\/\/calaispassionechecs.fr\/index.php?rest_route=\/wp\/v2\/users\/2"}],"replies":[{"embeddable":true,"href":"https:\/\/calaispassionechecs.fr\/index.php?rest_route=%2Fwp%2Fv2%2Fcomments&post=678"}],"version-history":[{"count":8,"href":"https:\/\/calaispassionechecs.fr\/index.php?rest_route=\/wp\/v2\/pages\/678\/revisions"}],"predecessor-version":[{"id":1031,"href":"https:\/\/calaispassionechecs.fr\/index.php?rest_route=\/wp\/v2\/pages\/678\/revisions\/1031"}],"wp:attachment":[{"href":"https:\/\/calaispassionechecs.fr\/index.php?rest_route=%2Fwp%2Fv2%2Fmedia&parent=678"}],"curies":[{"name":"wp","href":"https:\/\/api.w.org\/{rel}","templated":true}]}}