{"id":697,"date":"2024-12-25T18:57:51","date_gmt":"2024-12-25T17:57:51","guid":{"rendered":"https:\/\/calaispassionechecs.fr\/?page_id=697"},"modified":"2025-10-21T13:08:57","modified_gmt":"2025-10-21T11:08:57","slug":"hausordnung","status":"publish","type":"page","link":"https:\/\/calaispassionechecs.fr\/?page_id=697&lang=de","title":{"rendered":"Hausordnung"},"content":{"rendered":"\n<p>Eine Zusammenfassung der Hausordnung ( unten verf\u00fcgbar, aber auf Franz\u00f6sisch)<\/p>\n\n\n\n<p>Zeitpl\u00e4ne:<br>Punktierung: Samstag, 25.10. von 13:30 bis 15:00 Uhr.<br>Runde 1: Samstag, 25.10. um 15:30 Uhr<br>Runde 2: Sonntag, 26.10. um 09:30 Uhr<br>Runde 3: Sonntag, 26.10. um 15.00 Uhr<br>Runde 4: Montag, 27.10. um 09:30 Uhr<br>Runde 5: Montag, 27.10. um 15.00 Uhr<br>Runde 6: Dienstag, 28.10. um 14:30 Uhr<br>Runde 7: Mittwoch, 29.10. um 09:30 Uhr<br>Runde 8: Mittwoch, 29.10. um 15.00 Uhr<br>Runde 9: Donnerstag, 30.10. um 9.30 Uhr.<br>Preisverleihung: Donnerstag, 30.10. um 15.00 Uhr.<\/p>\n\n\n\n<p><strong>ARTIKEL 1: Organisation, Anmeldung<\/strong><\/p>\n\n\n\n<p>Von Calais passion Echecs und der Stadt Calais organisiertes Turnier. Von der FIDE und der FFE anerkannt. <br>Anmeldeschluss ist der 25. Oktober 2025 um 13.30 Uhr.<br>Anmeldegeb\u00fchr: 50 \u20ac Erwachsene, 25 \u20ac Jugendliche, Aufschlag nach dem 19. Oktober. <br>Die Anmeldung impliziert die Annahme der Regeln und der Charta der Schachspieler.<\/p>\n\n\n\n<p><strong>ARTIKEL 2: Recht auf das Bild.<\/strong><\/p>\n\n\n\n<p>Fotos und Videos k\u00f6nnen w\u00e4hrend des Turniers aufgenommen werden. <br>Die Anmeldung beinhaltet das Einverst\u00e4ndnis, auf den Fotos und Videos abgebildet zu werden.<\/p>\n\n\n\n<p><strong>ARTIKEL 3: Ablauf des Turniers<\/strong><\/p>\n\n\n\n<p>9 Runden, offen f\u00fcr alle Spieler, die einem FIDE-Mitgliedsverband angeh\u00f6ren. Detaillierte Zeitpl\u00e4ne f\u00fcr die Runden und die Preisverleihung Spieltempo: 1:30 Minuten (+ 30s\/cp) f\u00fcr die gesamte Partie. <br>Notation der Z\u00fcge obligatorisch Remis durch gegenseitige Einigung ab dem 20. Zug oder mit Zustimmung des Schiedsrichters m\u00f6glich. <br>Forfait nach 30 Minuten Versp\u00e4tung<\/p>\n\n\n\n<p><strong>ARTIKEL 4: Das Bye<\/strong><\/p>\n\n\n\n<p>Ein \u201eBYE\u201c pro Spieler m\u00f6glich, mit 0,5 Punkten, beschr\u00e4nkt auf die Runden 1 bis 6.\nMuss vor dem Ende der vorherigen Runde beantragt werden.<\/p>\n\n\n\n<p><strong>ARTIKEL 5: Paarung<\/strong><\/p>\n\n\n\n<p>Schweizer System beschleunigt unterst\u00fctzt durch das Programm Papi 3.3.8<\/p>\n\n\n\n<p><strong>ARTIKEL 6: Rangliste und Preise<\/strong><\/p>\n\n\n\n<p>Rangliste nach Partiepunkten Entscheidung: Buchholz Tronqu\u00e9, Buchholz, Performance. <br>Preise garantiert bei mindestens 60 Teilnehmern, anpassbar je nach Anzahl der Teilnehmer. <br>Nicht kumulierbare Preise, die den bei der Abschlusszeremonie anwesenden Preistr\u00e4gern \u00fcberreicht werden.<\/p>\n\n\n\n<p><strong>ARTIKEL 7: Schiedsrichter<\/strong><\/p>\n\n\n\n<p>Hauptschiedsrichter : Philippe Blot, Internationaler Schiedsrichter.<\/p>\n\n\n\n<p><strong>ARTIKEL 8: Verhalten der Spieler\/innen<\/strong><\/p>\n\n\n\n<p>Analysen und Blitzen im Turniersaal verboten. <br>Begrenzte Diskussionen, um St\u00f6rungen zu vermeiden. Verbot von elektronischen Ger\u00e4ten, die nicht vom Schiedsrichter genehmigt wurden. Sanktionen f\u00fcr Handlungen, die gegen die Ethik des Spiels versto\u00dfen.<br>Der Konsum von alkoholischen Getr\u00e4nken ist auf dem Gel\u00e4nde des Rathauses g\u00e4nzlich untersagt.<br><\/p>\n\n\n\n<p><strong>ARTIKEL 9: Streitigkeiten<\/strong><\/p>\n\n\n\n<p>Berufungsjury aus f\u00fcnf Mitgliedern, souver\u00e4ne Entscheidungen.<br>Schiedsrichter, der f\u00fcr die Beilegung von Streitigkeiten zust\u00e4ndig ist.<br>M\u00f6glichkeit, bei Meinungsverschiedenheiten die Berufungsjury anzurufen<br><br><\/p>\n\n\n\n<div data-wp-interactive=\"core\/file\" class=\"wp-block-file\"><object data-wp-bind--hidden=\"!state.hasPdfPreview\" hidden class=\"wp-block-file__embed\" data=\"http:\/\/calaispassionechecs.fr\/wp-content\/uploads\/2025\/10\/RI_1er-Open-Calais-du-25-au-30-10-2025-3.pdf\" type=\"application\/pdf\" style=\"width:100%;height:600px\" aria-label=\"Contenu embarqu\u00e9 RI_1er-Open-Calais-du-25-au-30-10-2025.\"><\/object><a id=\"wp-block-file--media-4a1d4df4-087d-4424-9781-966272643f44\" href=\"http:\/\/calaispassionechecs.fr\/wp-content\/uploads\/2025\/10\/RI_1er-Open-Calais-du-25-au-30-10-2025-3.pdf\">RI_1er-Open-Calais-du-25-au-30-10-2025<\/a><a href=\"http:\/\/calaispassionechecs.fr\/wp-content\/uploads\/2025\/10\/RI_1er-Open-Calais-du-25-au-30-10-2025-3.pdf\" class=\"wp-block-file__button wp-element-button\" download aria-describedby=\"wp-block-file--media-4a1d4df4-087d-4424-9781-966272643f44\">T\u00e9l\u00e9charger<\/a><\/div>\n","protected":false},"excerpt":{"rendered":"<p>Eine Zusammenfassung der Hausordnung ( unten verf\u00fcgbar, aber auf Franz\u00f6sisch) Zeitpl\u00e4ne:Punktierung: Samstag, 25.10. von 13:30 bis 15:00 Uhr.Runde 1: Samstag, 25.10. um 15:30 UhrRunde 2: Sonntag, 26.10. um 09:30 UhrRunde [&hellip;]<\/p>\n","protected":false},"author":2,"featured_media":0,"parent":0,"menu_order":0,"comment_status":"closed","ping_status":"closed","template":"","meta":{"saved_in_kubio":false,"site-sidebar-layout":"default","site-content-layout":"","ast-site-content-layout":"default","site-content-style":"default","site-sidebar-style":"default","ast-global-header-display":"","ast-banner-title-visibility":"","ast-main-header-display":"","ast-hfb-above-header-display":"","ast-hfb-below-header-display":"","ast-hfb-mobile-header-display":"","site-post-title":"disabled","ast-breadcrumbs-content":"","ast-featured-img":"","footer-sml-layout":"","theme-transparent-header-meta":"","adv-header-id-meta":"","stick-header-meta":"","header-above-stick-meta":"","header-main-stick-meta":"","header-below-stick-meta":"","astra-migrate-meta-layouts":"set","ast-page-background-enabled":"default","ast-page-background-meta":{"desktop":{"background-color":"var(--ast-global-color-4)","background-image":"","background-repeat":"repeat","background-position":"center center","background-size":"auto","background-attachment":"scroll","background-type":"","background-media":"","overlay-type":"","overlay-color":"","overlay-opacity":"","overlay-gradient":""},"tablet":{"background-color":"","background-image":"","background-repeat":"repeat","background-position":"center center","background-size":"auto","background-attachment":"scroll","background-type":"","background-media":"","overlay-type":"","overlay-color":"","overlay-opacity":"","overlay-gradient":""},"mobile":{"background-color":"","background-image":"","background-repeat":"repeat","background-position":"center center","background-size":"auto","background-attachment":"scroll","background-type":"","background-media":"","overlay-type":"","overlay-color":"","overlay-opacity":"","overlay-gradient":""}},"ast-content-background-meta":{"desktop":{"background-color":"var(--ast-global-color-5)","background-image":"","background-repeat":"repeat","background-position":"center center","background-size":"auto","background-attachment":"scroll","background-type":"","background-media":"","overlay-type":"","overlay-color":"","overlay-opacity":"","overlay-gradient":""},"tablet":{"background-color":"var(--ast-global-color-5)","background-image":"","background-repeat":"repeat","background-position":"center center","background-size":"auto","background-attachment":"scroll","background-type":"","background-media":"","overlay-type":"","overlay-color":"","overlay-opacity":"","overlay-gradient":""},"mobile":{"background-color":"var(--ast-global-color-5)","background-image":"","background-repeat":"repeat","background-position":"center center","background-size":"auto","background-attachment":"scroll","background-type":"","background-media":"","overlay-type":"","overlay-color":"","overlay-opacity":"","overlay-gradient":""}},"footnotes":""},"class_list":["post-697","page","type-page","status-publish","hentry"],"kubio_ai_page_context":{"short_desc":"","purpose":"general"},"_links":{"self":[{"href":"https:\/\/calaispassionechecs.fr\/index.php?rest_route=\/wp\/v2\/pages\/697","targetHints":{"allow":["GET"]}}],"collection":[{"href":"https:\/\/calaispassionechecs.fr\/index.php?rest_route=\/wp\/v2\/pages"}],"about":[{"href":"https:\/\/calaispassionechecs.fr\/index.php?rest_route=\/wp\/v2\/types\/page"}],"author":[{"embeddable":true,"href":"https:\/\/calaispassionechecs.fr\/index.php?rest_route=\/wp\/v2\/users\/2"}],"replies":[{"embeddable":true,"href":"https:\/\/calaispassionechecs.fr\/index.php?rest_route=%2Fwp%2Fv2%2Fcomments&post=697"}],"version-history":[{"count":7,"href":"https:\/\/calaispassionechecs.fr\/index.php?rest_route=\/wp\/v2\/pages\/697\/revisions"}],"predecessor-version":[{"id":1086,"href":"https:\/\/calaispassionechecs.fr\/index.php?rest_route=\/wp\/v2\/pages\/697\/revisions\/1086"}],"wp:attachment":[{"href":"https:\/\/calaispassionechecs.fr\/index.php?rest_route=%2Fwp%2Fv2%2Fmedia&parent=697"}],"curies":[{"name":"wp","href":"https:\/\/api.w.org\/{rel}","templated":true}]}}