{"id":71,"date":"2021-09-22T14:25:23","date_gmt":"2021-09-22T12:25:23","guid":{"rendered":"http:\/\/calaispassionechecs.fr\/?page_id=71"},"modified":"2025-06-15T07:04:05","modified_gmt":"2025-06-15T05:04:05","slug":"ecole-dechecs","status":"publish","type":"page","link":"https:\/\/calaispassionechecs.fr\/?page_id=71","title":{"rendered":"Ecole d&rsquo;\u00e9checs"},"content":{"rendered":"\n<figure class=\"wp-block-image aligncenter size-full is-resized\"><img loading=\"lazy\" decoding=\"async\" width=\"800\" height=\"600\" src=\"http:\/\/calaispassionechecs.fr\/wp-content\/uploads\/2021\/09\/jeunes.jpg\" alt=\"\" class=\"wp-image-110\" style=\"width:786px;height:589px\" srcset=\"https:\/\/calaispassionechecs.fr\/wp-content\/uploads\/2021\/09\/jeunes.jpg 800w, https:\/\/calaispassionechecs.fr\/wp-content\/uploads\/2021\/09\/jeunes-300x225.jpg 300w, https:\/\/calaispassionechecs.fr\/wp-content\/uploads\/2021\/09\/jeunes-768x576.jpg 768w\" sizes=\"(max-width: 800px) 100vw, 800px\" \/><\/figure>\n\n\n\n<p><\/p>\n\n\n\n<p><\/p>\n\n\n\n<p>Une \u00e9cole d&rsquo;\u00e9checs a \u00e9t\u00e9 mise en place pour les jeunes. Elle s&rsquo;adresse aux enfants \u00e2g\u00e9s entre 7 et 14 ans environ. Le programme consiste \u00e0 apprendre les r\u00e8gles du jeu et les principes de base pour jouer une partie compl\u00e8te s\u00e9rieusement. On apprend aussi \u00e0 noter ses parties, \u00e0 utiliser la pendule. Quelques petites comp\u00e9titions sont organis\u00e9es.<\/p>\n\n\n\n<p>Les cours ont lieu le samedi matin (sauf vacances scolaires). La salle ouvre \u00e0 10h et le cours dure de 10h15 \u00e0 11h15 environ (30 mn de cours, exercices&#8230; et 30mn de jeu). L&rsquo;inscription \u00e0 l&rsquo;ann\u00e9e est de 30 euros.<\/p>\n\n\n\n<p><\/p>\n","protected":false},"excerpt":{"rendered":"<p>Une \u00e9cole d&rsquo;\u00e9checs a \u00e9t\u00e9 mise en place pour les jeunes. Elle s&rsquo;adresse aux enfants \u00e2g\u00e9s entre 7 et 14 ans environ. Le programme consiste \u00e0 apprendre les r\u00e8gles du [&hellip;]<\/p>\n","protected":false},"author":2,"featured_media":0,"parent":0,"menu_order":0,"comment_status":"closed","ping_status":"closed","template":"","meta":{"saved_in_kubio":false,"site-sidebar-layout":"default","site-content-layout":"default","ast-site-content-layout":"default","site-content-style":"default","site-sidebar-style":"default","ast-global-header-display":"","ast-banner-title-visibility":"","ast-main-header-display":"","ast-hfb-above-header-display":"","ast-hfb-below-header-display":"","ast-hfb-mobile-header-display":"","site-post-title":"","ast-breadcrumbs-content":"","ast-featured-img":"","footer-sml-layout":"","theme-transparent-header-meta":"default","adv-header-id-meta":"","stick-header-meta":"","header-above-stick-meta":"","header-main-stick-meta":"","header-below-stick-meta":"","astra-migrate-meta-layouts":"set","ast-page-background-enabled":"default","ast-page-background-meta":{"desktop":{"background-color":"var(--ast-global-color-4)","background-image":"","background-repeat":"repeat","background-position":"center center","background-size":"auto","background-attachment":"scroll","background-type":"","background-media":"","overlay-type":"","overlay-color":"","overlay-opacity":"","overlay-gradient":""},"tablet":{"background-color":"","background-image":"","background-repeat":"repeat","background-position":"center center","background-size":"auto","background-attachment":"scroll","background-type":"","background-media":"","overlay-type":"","overlay-color":"","overlay-opacity":"","overlay-gradient":""},"mobile":{"background-color":"","background-image":"","background-repeat":"repeat","background-position":"center center","background-size":"auto","background-attachment":"scroll","background-type":"","background-media":"","overlay-type":"","overlay-color":"","overlay-opacity":"","overlay-gradient":""}},"ast-content-background-meta":{"desktop":{"background-color":"var(--ast-global-color-5)","background-image":"","background-repeat":"repeat","background-position":"center center","background-size":"auto","background-attachment":"scroll","background-type":"","background-media":"","overlay-type":"","overlay-color":"","overlay-opacity":"","overlay-gradient":""},"tablet":{"background-color":"var(--ast-global-color-5)","background-image":"","background-repeat":"repeat","background-position":"center center","background-size":"auto","background-attachment":"scroll","background-type":"","background-media":"","overlay-type":"","overlay-color":"","overlay-opacity":"","overlay-gradient":""},"mobile":{"background-color":"var(--ast-global-color-5)","background-image":"","background-repeat":"repeat","background-position":"center center","background-size":"auto","background-attachment":"scroll","background-type":"","background-media":"","overlay-type":"","overlay-color":"","overlay-opacity":"","overlay-gradient":""}},"footnotes":""},"class_list":["post-71","page","type-page","status-publish","hentry"],"kubio_ai_page_context":{"short_desc":"","purpose":"general"},"_links":{"self":[{"href":"https:\/\/calaispassionechecs.fr\/index.php?rest_route=\/wp\/v2\/pages\/71","targetHints":{"allow":["GET"]}}],"collection":[{"href":"https:\/\/calaispassionechecs.fr\/index.php?rest_route=\/wp\/v2\/pages"}],"about":[{"href":"https:\/\/calaispassionechecs.fr\/index.php?rest_route=\/wp\/v2\/types\/page"}],"author":[{"embeddable":true,"href":"https:\/\/calaispassionechecs.fr\/index.php?rest_route=\/wp\/v2\/users\/2"}],"replies":[{"embeddable":true,"href":"https:\/\/calaispassionechecs.fr\/index.php?rest_route=%2Fwp%2Fv2%2Fcomments&post=71"}],"version-history":[{"count":5,"href":"https:\/\/calaispassionechecs.fr\/index.php?rest_route=\/wp\/v2\/pages\/71\/revisions"}],"predecessor-version":[{"id":1022,"href":"https:\/\/calaispassionechecs.fr\/index.php?rest_route=\/wp\/v2\/pages\/71\/revisions\/1022"}],"wp:attachment":[{"href":"https:\/\/calaispassionechecs.fr\/index.php?rest_route=%2Fwp%2Fv2%2Fmedia&parent=71"}],"curies":[{"name":"wp","href":"https:\/\/api.w.org\/{rel}","templated":true}]}}