{"id":725,"date":"2024-12-31T08:02:29","date_gmt":"2024-12-31T07:02:29","guid":{"rendered":"http:\/\/calaispassionechecs.fr\/?page_id=725"},"modified":"2024-12-31T08:35:13","modified_gmt":"2024-12-31T07:35:13","slug":"calais-und-umgebung","status":"publish","type":"page","link":"https:\/\/calaispassionechecs.fr\/?page_id=725&lang=de","title":{"rendered":"Calais und Umgebung"},"content":{"rendered":"\n<p>Es ist schwer, alles aufzuz\u00e4hlen, was man in Calais unternehmen kann. Hier sind einige M\u00f6glichkeiten, wie Sie sich nach einer Partie Schach auf andere Gedanken bringen k\u00f6nnen.<\/p>\n\n\n\n<p>Zahlreiche <strong>Bars und Restaurants<\/strong> erwarten Sie, vor allem im Stadtteil Calais Nord. Hier ist ein Link, wo Sie Adressen und Richtpreise finden. : <a href=\"https:\/\/www.calameo.com\/read\/0046272961511c3f116b4?page=1\">Restaurants und Hotels<\/a><br>Sie k\u00f6nnen auch uns um Rat fragen, denn wir kennen die richtigen Adressen<br><br><\/p>\n\n\n\n<figure class=\"wp-block-gallery has-nested-images columns-default is-cropped wp-block-gallery-1 is-layout-flex wp-block-gallery-is-layout-flex\">\n<figure class=\"wp-block-image size-large\"><img loading=\"lazy\" decoding=\"async\" width=\"1024\" height=\"576\" data-id=\"729\" src=\"http:\/\/calaispassionechecs.fr\/wp-content\/uploads\/2024\/12\/calais-2-1024x576.jpg\" alt=\"\" class=\"wp-image-729\" srcset=\"https:\/\/calaispassionechecs.fr\/wp-content\/uploads\/2024\/12\/calais-2-1024x576.jpg 1024w, https:\/\/calaispassionechecs.fr\/wp-content\/uploads\/2024\/12\/calais-2-300x169.jpg 300w, https:\/\/calaispassionechecs.fr\/wp-content\/uploads\/2024\/12\/calais-2-768x432.jpg 768w, https:\/\/calaispassionechecs.fr\/wp-content\/uploads\/2024\/12\/calais-2.jpg 1350w\" sizes=\"(max-width: 1024px) 100vw, 1024px\" \/><\/figure>\n\n\n\n<figure class=\"wp-block-image size-large\"><img loading=\"lazy\" decoding=\"async\" width=\"961\" height=\"641\" data-id=\"730\" src=\"http:\/\/calaispassionechecs.fr\/wp-content\/uploads\/2024\/12\/calaisnord2-2.jpg\" alt=\"\" class=\"wp-image-730\" srcset=\"https:\/\/calaispassionechecs.fr\/wp-content\/uploads\/2024\/12\/calaisnord2-2.jpg 961w, https:\/\/calaispassionechecs.fr\/wp-content\/uploads\/2024\/12\/calaisnord2-2-300x200.jpg 300w, https:\/\/calaispassionechecs.fr\/wp-content\/uploads\/2024\/12\/calaisnord2-2-768x512.jpg 768w\" sizes=\"(max-width: 961px) 100vw, 961px\" \/><\/figure>\n\n\n\n<figure class=\"wp-block-image size-large\"><img loading=\"lazy\" decoding=\"async\" width=\"658\" height=\"371\" data-id=\"726\" src=\"http:\/\/calaispassionechecs.fr\/wp-content\/uploads\/2024\/12\/calaisnord-2.jpg\" alt=\"\" class=\"wp-image-726\" srcset=\"https:\/\/calaispassionechecs.fr\/wp-content\/uploads\/2024\/12\/calaisnord-2.jpg 658w, https:\/\/calaispassionechecs.fr\/wp-content\/uploads\/2024\/12\/calaisnord-2-300x169.jpg 300w\" sizes=\"(max-width: 658px) 100vw, 658px\" \/><\/figure>\n\n\n\n<figure class=\"wp-block-image size-large\"><img loading=\"lazy\" decoding=\"async\" width=\"1024\" height=\"576\" data-id=\"727\" src=\"http:\/\/calaispassionechecs.fr\/wp-content\/uploads\/2024\/12\/calais2-2-1024x576.jpg\" alt=\"\" class=\"wp-image-727\" srcset=\"https:\/\/calaispassionechecs.fr\/wp-content\/uploads\/2024\/12\/calais2-2-1024x576.jpg 1024w, https:\/\/calaispassionechecs.fr\/wp-content\/uploads\/2024\/12\/calais2-2-300x169.jpg 300w, https:\/\/calaispassionechecs.fr\/wp-content\/uploads\/2024\/12\/calais2-2-768x432.jpg 768w, https:\/\/calaispassionechecs.fr\/wp-content\/uploads\/2024\/12\/calais2-2.jpg 1350w\" sizes=\"(max-width: 1024px) 100vw, 1024px\" \/><\/figure>\n\n\n\n<figure class=\"wp-block-image size-large\"><img loading=\"lazy\" decoding=\"async\" width=\"664\" height=\"374\" data-id=\"728\" src=\"http:\/\/calaispassionechecs.fr\/wp-content\/uploads\/2024\/12\/calaisnord3-2.jpg\" alt=\"\" class=\"wp-image-728\" srcset=\"https:\/\/calaispassionechecs.fr\/wp-content\/uploads\/2024\/12\/calaisnord3-2.jpg 664w, https:\/\/calaispassionechecs.fr\/wp-content\/uploads\/2024\/12\/calaisnord3-2-300x169.jpg 300w\" sizes=\"(max-width: 664px) 100vw, 664px\" \/><\/figure>\n<\/figure>\n\n\n\n<p><br><br><br>Die <strong>Strandpromenade<\/strong> wurde vor einigen Jahren renoviert. Hier kann man einen sch\u00f6nen Spaziergang mit Blick auf das Meer machen. Jugendliche k\u00f6nnen hier viele Spiele und einen riesigen Skatepark finden. Flaneure k\u00f6nnen sich auf den Sonnenliegen ausruhen. Und du wirst vielleicht einem seltsamen Tier begegnen: dem Drachen. Vielleicht haben Sie ihn ja auf dem Schachbrett getroffen.<br><\/p>\n\n\n\n<figure class=\"wp-block-gallery has-nested-images columns-default is-cropped wp-block-gallery-2 is-layout-flex wp-block-gallery-is-layout-flex\">\n<figure class=\"wp-block-image size-large\"><img loading=\"lazy\" decoding=\"async\" width=\"585\" height=\"389\" data-id=\"735\" src=\"http:\/\/calaispassionechecs.fr\/wp-content\/uploads\/2024\/12\/plage1-2.jpg\" alt=\"\" class=\"wp-image-735\" srcset=\"https:\/\/calaispassionechecs.fr\/wp-content\/uploads\/2024\/12\/plage1-2.jpg 585w, https:\/\/calaispassionechecs.fr\/wp-content\/uploads\/2024\/12\/plage1-2-300x199.jpg 300w\" sizes=\"(max-width: 585px) 100vw, 585px\" \/><\/figure>\n\n\n\n<figure class=\"wp-block-image size-large\"><img loading=\"lazy\" decoding=\"async\" width=\"658\" height=\"371\" data-id=\"734\" src=\"http:\/\/calaispassionechecs.fr\/wp-content\/uploads\/2024\/12\/plage2-2.jpg\" alt=\"\" class=\"wp-image-734\" srcset=\"https:\/\/calaispassionechecs.fr\/wp-content\/uploads\/2024\/12\/plage2-2.jpg 658w, https:\/\/calaispassionechecs.fr\/wp-content\/uploads\/2024\/12\/plage2-2-300x169.jpg 300w\" sizes=\"(max-width: 658px) 100vw, 658px\" \/><\/figure>\n\n\n\n<figure class=\"wp-block-image size-large\"><img loading=\"lazy\" decoding=\"async\" width=\"1024\" height=\"768\" data-id=\"731\" src=\"http:\/\/calaispassionechecs.fr\/wp-content\/uploads\/2024\/12\/plage4-3.jpg\" alt=\"\" class=\"wp-image-731\" srcset=\"https:\/\/calaispassionechecs.fr\/wp-content\/uploads\/2024\/12\/plage4-3.jpg 1024w, https:\/\/calaispassionechecs.fr\/wp-content\/uploads\/2024\/12\/plage4-3-300x225.jpg 300w, https:\/\/calaispassionechecs.fr\/wp-content\/uploads\/2024\/12\/plage4-3-768x576.jpg 768w\" sizes=\"(max-width: 1024px) 100vw, 1024px\" \/><\/figure>\n\n\n\n<figure class=\"wp-block-image size-large\"><img loading=\"lazy\" decoding=\"async\" width=\"700\" height=\"467\" data-id=\"733\" src=\"http:\/\/calaispassionechecs.fr\/wp-content\/uploads\/2024\/12\/plage5-2.jpg\" alt=\"\" class=\"wp-image-733\" srcset=\"https:\/\/calaispassionechecs.fr\/wp-content\/uploads\/2024\/12\/plage5-2.jpg 700w, https:\/\/calaispassionechecs.fr\/wp-content\/uploads\/2024\/12\/plage5-2-300x200.jpg 300w\" sizes=\"(max-width: 700px) 100vw, 700px\" \/><\/figure>\n\n\n\n<figure class=\"wp-block-image size-large\"><img loading=\"lazy\" decoding=\"async\" width=\"1024\" height=\"576\" data-id=\"737\" src=\"http:\/\/calaispassionechecs.fr\/wp-content\/uploads\/2024\/12\/plage6-2-1024x576.jpg\" alt=\"\" class=\"wp-image-737\" srcset=\"https:\/\/calaispassionechecs.fr\/wp-content\/uploads\/2024\/12\/plage6-2-1024x576.jpg 1024w, https:\/\/calaispassionechecs.fr\/wp-content\/uploads\/2024\/12\/plage6-2-300x169.jpg 300w, https:\/\/calaispassionechecs.fr\/wp-content\/uploads\/2024\/12\/plage6-2-768x432.jpg 768w, https:\/\/calaispassionechecs.fr\/wp-content\/uploads\/2024\/12\/plage6-2.jpg 1350w\" sizes=\"(max-width: 1024px) 100vw, 1024px\" \/><\/figure>\n\n\n\n<figure class=\"wp-block-image size-large\"><img loading=\"lazy\" decoding=\"async\" width=\"1024\" height=\"580\" data-id=\"736\" src=\"http:\/\/calaispassionechecs.fr\/wp-content\/uploads\/2024\/12\/plage7-2-1024x580.jpg\" alt=\"\" class=\"wp-image-736\" srcset=\"https:\/\/calaispassionechecs.fr\/wp-content\/uploads\/2024\/12\/plage7-2-1024x580.jpg 1024w, https:\/\/calaispassionechecs.fr\/wp-content\/uploads\/2024\/12\/plage7-2-300x170.jpg 300w, https:\/\/calaispassionechecs.fr\/wp-content\/uploads\/2024\/12\/plage7-2-768x435.jpg 768w, https:\/\/calaispassionechecs.fr\/wp-content\/uploads\/2024\/12\/plage7-2.jpg 1200w\" sizes=\"(max-width: 1024px) 100vw, 1024px\" \/><\/figure>\n\n\n\n<figure class=\"wp-block-image size-large\"><img loading=\"lazy\" decoding=\"async\" width=\"1024\" height=\"682\" data-id=\"732\" src=\"http:\/\/calaispassionechecs.fr\/wp-content\/uploads\/2024\/12\/plage3-2-1024x682.jpg\" alt=\"\" class=\"wp-image-732\" srcset=\"https:\/\/calaispassionechecs.fr\/wp-content\/uploads\/2024\/12\/plage3-2-1024x682.jpg 1024w, https:\/\/calaispassionechecs.fr\/wp-content\/uploads\/2024\/12\/plage3-2-300x200.jpg 300w, https:\/\/calaispassionechecs.fr\/wp-content\/uploads\/2024\/12\/plage3-2-768x511.jpg 768w, https:\/\/calaispassionechecs.fr\/wp-content\/uploads\/2024\/12\/plage3-2.jpg 1500w\" sizes=\"(max-width: 1024px) 100vw, 1024px\" \/><\/figure>\n<\/figure>\n\n\n\n<p><\/p>\n\n\n\n<p><\/p>\n\n\n\n<p><br><br>In Calais gibt es auch einige <strong>Sehensw\u00fcrdigkeiten<\/strong> zu besichtigen. Die klassischsten:<\/p>\n\n\n\n<ul class=\"wp-block-list\">\n<li> Das Spitzenmuseum <\/li>\n\n\n\n<li>Der Belfried des Rathauses <\/li>\n\n\n\n<li>Der Leuchtturm <\/li>\n\n\n\n<li>Die Kathedrale Notre Dame <\/li>\n\n\n\n<li>Das Museum der Sch\u00f6nen K\u00fcnste <\/li>\n\n\n\n<li>Die Drachenkompanie<\/li>\n<\/ul>\n\n\n\n<p><\/p>\n\n\n\n<figure class=\"wp-block-gallery has-nested-images columns-default is-cropped wp-block-gallery-3 is-layout-flex wp-block-gallery-is-layout-flex\">\n<figure class=\"wp-block-image size-large\"><img loading=\"lazy\" decoding=\"async\" width=\"300\" height=\"300\" data-id=\"738\" src=\"http:\/\/calaispassionechecs.fr\/wp-content\/uploads\/2024\/12\/beffroi-2.jpg\" alt=\"\" class=\"wp-image-738\" srcset=\"https:\/\/calaispassionechecs.fr\/wp-content\/uploads\/2024\/12\/beffroi-2.jpg 300w, https:\/\/calaispassionechecs.fr\/wp-content\/uploads\/2024\/12\/beffroi-2-150x150.jpg 150w\" sizes=\"(max-width: 300px) 100vw, 300px\" \/><\/figure>\n\n\n\n<figure class=\"wp-block-image size-large\"><img loading=\"lazy\" decoding=\"async\" width=\"1024\" height=\"576\" data-id=\"741\" src=\"http:\/\/calaispassionechecs.fr\/wp-content\/uploads\/2024\/12\/Photo_Cite-Dentelle-1-2-1024x576.jpg\" alt=\"\" class=\"wp-image-741\" srcset=\"https:\/\/calaispassionechecs.fr\/wp-content\/uploads\/2024\/12\/Photo_Cite-Dentelle-1-2-1024x576.jpg 1024w, https:\/\/calaispassionechecs.fr\/wp-content\/uploads\/2024\/12\/Photo_Cite-Dentelle-1-2-300x169.jpg 300w, https:\/\/calaispassionechecs.fr\/wp-content\/uploads\/2024\/12\/Photo_Cite-Dentelle-1-2-768x432.jpg 768w, https:\/\/calaispassionechecs.fr\/wp-content\/uploads\/2024\/12\/Photo_Cite-Dentelle-1-2-1536x864.jpg 1536w, https:\/\/calaispassionechecs.fr\/wp-content\/uploads\/2024\/12\/Photo_Cite-Dentelle-1-2.jpg 1920w\" sizes=\"(max-width: 1024px) 100vw, 1024px\" \/><\/figure>\n\n\n\n<figure class=\"wp-block-image size-large\"><img loading=\"lazy\" decoding=\"async\" width=\"768\" height=\"1024\" data-id=\"743\" src=\"http:\/\/calaispassionechecs.fr\/wp-content\/uploads\/2024\/12\/Cathedrale-Notre-Dame-de-Calais-3-768x1024.jpg\" alt=\"\" class=\"wp-image-743\" srcset=\"https:\/\/calaispassionechecs.fr\/wp-content\/uploads\/2024\/12\/Cathedrale-Notre-Dame-de-Calais-3-768x1024.jpg 768w, https:\/\/calaispassionechecs.fr\/wp-content\/uploads\/2024\/12\/Cathedrale-Notre-Dame-de-Calais-3-225x300.jpg 225w, https:\/\/calaispassionechecs.fr\/wp-content\/uploads\/2024\/12\/Cathedrale-Notre-Dame-de-Calais-3-1152x1536.jpg 1152w, https:\/\/calaispassionechecs.fr\/wp-content\/uploads\/2024\/12\/Cathedrale-Notre-Dame-de-Calais-3-1536x2048.jpg 1536w, https:\/\/calaispassionechecs.fr\/wp-content\/uploads\/2024\/12\/Cathedrale-Notre-Dame-de-Calais-3.jpg 1920w\" sizes=\"(max-width: 768px) 100vw, 768px\" \/><\/figure>\n\n\n\n<figure class=\"wp-block-image size-large\"><img loading=\"lazy\" decoding=\"async\" width=\"1024\" height=\"683\" data-id=\"739\" src=\"http:\/\/calaispassionechecs.fr\/wp-content\/uploads\/2024\/12\/musee-beaux-arts-2-1024x683.jpg\" alt=\"\" class=\"wp-image-739\" srcset=\"https:\/\/calaispassionechecs.fr\/wp-content\/uploads\/2024\/12\/musee-beaux-arts-2-1024x683.jpg 1024w, https:\/\/calaispassionechecs.fr\/wp-content\/uploads\/2024\/12\/musee-beaux-arts-2-300x200.jpg 300w, https:\/\/calaispassionechecs.fr\/wp-content\/uploads\/2024\/12\/musee-beaux-arts-2-768x513.jpg 768w, https:\/\/calaispassionechecs.fr\/wp-content\/uploads\/2024\/12\/musee-beaux-arts-2.jpg 1500w\" sizes=\"(max-width: 1024px) 100vw, 1024px\" \/><\/figure>\n\n\n\n<figure class=\"wp-block-image size-large\"><img loading=\"lazy\" decoding=\"async\" width=\"768\" height=\"1024\" data-id=\"742\" src=\"http:\/\/calaispassionechecs.fr\/wp-content\/uploads\/2024\/12\/Phare-de-Calais-3-768x1024.jpg\" alt=\"\" class=\"wp-image-742\" srcset=\"https:\/\/calaispassionechecs.fr\/wp-content\/uploads\/2024\/12\/Phare-de-Calais-3-768x1024.jpg 768w, https:\/\/calaispassionechecs.fr\/wp-content\/uploads\/2024\/12\/Phare-de-Calais-3-225x300.jpg 225w, https:\/\/calaispassionechecs.fr\/wp-content\/uploads\/2024\/12\/Phare-de-Calais-3-1152x1536.jpg 1152w, https:\/\/calaispassionechecs.fr\/wp-content\/uploads\/2024\/12\/Phare-de-Calais-3-1536x2048.jpg 1536w, https:\/\/calaispassionechecs.fr\/wp-content\/uploads\/2024\/12\/Phare-de-Calais-3.jpg 1920w\" sizes=\"(max-width: 768px) 100vw, 768px\" \/><\/figure>\n\n\n\n<figure class=\"wp-block-image size-large\"><img loading=\"lazy\" decoding=\"async\" width=\"1024\" height=\"576\" data-id=\"740\" src=\"http:\/\/calaispassionechecs.fr\/wp-content\/uploads\/2024\/12\/boutique-3-1024x576.jpg\" alt=\"\" class=\"wp-image-740\" srcset=\"https:\/\/calaispassionechecs.fr\/wp-content\/uploads\/2024\/12\/boutique-3-1024x576.jpg 1024w, https:\/\/calaispassionechecs.fr\/wp-content\/uploads\/2024\/12\/boutique-3-300x169.jpg 300w, https:\/\/calaispassionechecs.fr\/wp-content\/uploads\/2024\/12\/boutique-3-768x432.jpg 768w, https:\/\/calaispassionechecs.fr\/wp-content\/uploads\/2024\/12\/boutique-3.jpg 1350w\" sizes=\"(max-width: 1024px) 100vw, 1024px\" \/><\/figure>\n<\/figure>\n\n\n\n<p><br><br>Wenn Sie die <strong>Turnierwoche<\/strong> nutzen m\u00f6chten, um ein wenig Sightseeing zu betreiben, gibt es in der N\u00e4he von Calais viel zu tun. Warum nehmen Sie nicht ein Bye und fahren ein bisschen weg?<br>F\u00fcr Naturliebhaber gibt es die C\u00f4te d&rsquo;Opale. Das unvermeidliche Cap Blanc nez mit seinen vielen Wanderwegen. Der Damm von Sangatte, der Damm von Wissant, der Damm von Wimereux\u2026 Es gibt viel zu tun.<br>Ein touristisches Highlight ist das Nausicaa-Zentrum in Boulogne Sur Mer (35 km von Calais entfernt. 3-4 Stunden f\u00fcr die Besichtigung einplanen).<br>Und f\u00fcr diejenigen, die etwas weiter weg wollen: Le Touquet und Lille (ca. eine Autostunde von Calais entfernt).<\/p>\n\n\n\n<figure class=\"wp-block-gallery has-nested-images columns-default is-cropped wp-block-gallery-4 is-layout-flex wp-block-gallery-is-layout-flex\">\n<figure class=\"wp-block-image size-large\"><img loading=\"lazy\" decoding=\"async\" width=\"1024\" height=\"577\" data-id=\"746\" src=\"http:\/\/calaispassionechecs.fr\/wp-content\/uploads\/2024\/12\/blanc-nez-cap-2-1024x577.jpg\" alt=\"\" class=\"wp-image-746\" srcset=\"https:\/\/calaispassionechecs.fr\/wp-content\/uploads\/2024\/12\/blanc-nez-cap-2-1024x577.jpg 1024w, https:\/\/calaispassionechecs.fr\/wp-content\/uploads\/2024\/12\/blanc-nez-cap-2-300x169.jpg 300w, https:\/\/calaispassionechecs.fr\/wp-content\/uploads\/2024\/12\/blanc-nez-cap-2-768x432.jpg 768w, https:\/\/calaispassionechecs.fr\/wp-content\/uploads\/2024\/12\/blanc-nez-cap-2-1536x865.jpg 1536w, https:\/\/calaispassionechecs.fr\/wp-content\/uploads\/2024\/12\/blanc-nez-cap-2.jpg 2048w\" sizes=\"(max-width: 1024px) 100vw, 1024px\" \/><\/figure>\n\n\n\n<figure class=\"wp-block-image size-large\"><img loading=\"lazy\" decoding=\"async\" width=\"640\" height=\"480\" data-id=\"750\" src=\"http:\/\/calaispassionechecs.fr\/wp-content\/uploads\/2024\/12\/wimereux-2.jpg\" alt=\"\" class=\"wp-image-750\" srcset=\"https:\/\/calaispassionechecs.fr\/wp-content\/uploads\/2024\/12\/wimereux-2.jpg 640w, https:\/\/calaispassionechecs.fr\/wp-content\/uploads\/2024\/12\/wimereux-2-300x225.jpg 300w\" sizes=\"(max-width: 640px) 100vw, 640px\" \/><\/figure>\n\n\n\n<figure class=\"wp-block-image size-large\"><img loading=\"lazy\" decoding=\"async\" width=\"640\" height=\"640\" data-id=\"745\" src=\"http:\/\/calaispassionechecs.fr\/wp-content\/uploads\/2024\/12\/dunes-de-la-slack-2.jpg\" alt=\"\" class=\"wp-image-745\" srcset=\"https:\/\/calaispassionechecs.fr\/wp-content\/uploads\/2024\/12\/dunes-de-la-slack-2.jpg 640w, https:\/\/calaispassionechecs.fr\/wp-content\/uploads\/2024\/12\/dunes-de-la-slack-2-300x300.jpg 300w, https:\/\/calaispassionechecs.fr\/wp-content\/uploads\/2024\/12\/dunes-de-la-slack-2-150x150.jpg 150w\" sizes=\"(max-width: 640px) 100vw, 640px\" \/><\/figure>\n\n\n\n<figure class=\"wp-block-image size-large\"><img loading=\"lazy\" decoding=\"async\" width=\"1024\" height=\"576\" data-id=\"747\" src=\"http:\/\/calaispassionechecs.fr\/wp-content\/uploads\/2024\/12\/nausicaa-2-1024x576.jpg\" alt=\"\" class=\"wp-image-747\" srcset=\"https:\/\/calaispassionechecs.fr\/wp-content\/uploads\/2024\/12\/nausicaa-2-1024x576.jpg 1024w, https:\/\/calaispassionechecs.fr\/wp-content\/uploads\/2024\/12\/nausicaa-2-300x169.jpg 300w, https:\/\/calaispassionechecs.fr\/wp-content\/uploads\/2024\/12\/nausicaa-2-768x432.jpg 768w, https:\/\/calaispassionechecs.fr\/wp-content\/uploads\/2024\/12\/nausicaa-2.jpg 1350w\" sizes=\"(max-width: 1024px) 100vw, 1024px\" \/><\/figure>\n\n\n\n<figure class=\"wp-block-image size-large\"><img loading=\"lazy\" decoding=\"async\" width=\"860\" height=\"560\" data-id=\"748\" src=\"http:\/\/calaispassionechecs.fr\/wp-content\/uploads\/2024\/12\/LE-TOUQUET-2.jpg\" alt=\"\" class=\"wp-image-748\" srcset=\"https:\/\/calaispassionechecs.fr\/wp-content\/uploads\/2024\/12\/LE-TOUQUET-2.jpg 860w, https:\/\/calaispassionechecs.fr\/wp-content\/uploads\/2024\/12\/LE-TOUQUET-2-300x195.jpg 300w, https:\/\/calaispassionechecs.fr\/wp-content\/uploads\/2024\/12\/LE-TOUQUET-2-768x500.jpg 768w\" sizes=\"(max-width: 860px) 100vw, 860px\" \/><\/figure>\n\n\n\n<figure class=\"wp-block-image size-large\"><img loading=\"lazy\" decoding=\"async\" width=\"640\" height=\"854\" data-id=\"744\" src=\"http:\/\/calaispassionechecs.fr\/wp-content\/uploads\/2024\/12\/lille-2.jpg\" alt=\"\" class=\"wp-image-744\" srcset=\"https:\/\/calaispassionechecs.fr\/wp-content\/uploads\/2024\/12\/lille-2.jpg 640w, https:\/\/calaispassionechecs.fr\/wp-content\/uploads\/2024\/12\/lille-2-225x300.jpg 225w\" sizes=\"(max-width: 640px) 100vw, 640px\" \/><\/figure>\n\n\n\n<figure class=\"wp-block-image size-large\"><img loading=\"lazy\" decoding=\"async\" width=\"899\" height=\"599\" data-id=\"749\" src=\"http:\/\/calaispassionechecs.fr\/wp-content\/uploads\/2024\/12\/nouvelle-digue-wissant-2.jpg\" alt=\"\" class=\"wp-image-749\" srcset=\"https:\/\/calaispassionechecs.fr\/wp-content\/uploads\/2024\/12\/nouvelle-digue-wissant-2.jpg 899w, https:\/\/calaispassionechecs.fr\/wp-content\/uploads\/2024\/12\/nouvelle-digue-wissant-2-300x200.jpg 300w, https:\/\/calaispassionechecs.fr\/wp-content\/uploads\/2024\/12\/nouvelle-digue-wissant-2-768x512.jpg 768w\" sizes=\"(max-width: 899px) 100vw, 899px\" \/><\/figure>\n<\/figure>\n\n\n\n<p><\/p>\n","protected":false},"excerpt":{"rendered":"<p>Es ist schwer, alles aufzuz\u00e4hlen, was man in Calais unternehmen kann. Hier sind einige M\u00f6glichkeiten, wie Sie sich nach einer Partie Schach auf andere Gedanken bringen k\u00f6nnen. Zahlreiche Bars und [&hellip;]<\/p>\n","protected":false},"author":2,"featured_media":0,"parent":0,"menu_order":0,"comment_status":"closed","ping_status":"closed","template":"","meta":{"saved_in_kubio":false,"site-sidebar-layout":"default","site-content-layout":"","ast-site-content-layout":"default","site-content-style":"default","site-sidebar-style":"default","ast-global-header-display":"","ast-banner-title-visibility":"","ast-main-header-display":"","ast-hfb-above-header-display":"","ast-hfb-below-header-display":"","ast-hfb-mobile-header-display":"","site-post-title":"","ast-breadcrumbs-content":"","ast-featured-img":"","footer-sml-layout":"","theme-transparent-header-meta":"","adv-header-id-meta":"","stick-header-meta":"","header-above-stick-meta":"","header-main-stick-meta":"","header-below-stick-meta":"","astra-migrate-meta-layouts":"set","ast-page-background-enabled":"default","ast-page-background-meta":{"desktop":{"background-color":"var(--ast-global-color-4)","background-image":"","background-repeat":"repeat","background-position":"center center","background-size":"auto","background-attachment":"scroll","background-type":"","background-media":"","overlay-type":"","overlay-color":"","overlay-opacity":"","overlay-gradient":""},"tablet":{"background-color":"","background-image":"","background-repeat":"repeat","background-position":"center center","background-size":"auto","background-attachment":"scroll","background-type":"","background-media":"","overlay-type":"","overlay-color":"","overlay-opacity":"","overlay-gradient":""},"mobile":{"background-color":"","background-image":"","background-repeat":"repeat","background-position":"center center","background-size":"auto","background-attachment":"scroll","background-type":"","background-media":"","overlay-type":"","overlay-color":"","overlay-opacity":"","overlay-gradient":""}},"ast-content-background-meta":{"desktop":{"background-color":"var(--ast-global-color-5)","background-image":"","background-repeat":"repeat","background-position":"center center","background-size":"auto","background-attachment":"scroll","background-type":"","background-media":"","overlay-type":"","overlay-color":"","overlay-opacity":"","overlay-gradient":""},"tablet":{"background-color":"var(--ast-global-color-5)","background-image":"","background-repeat":"repeat","background-position":"center center","background-size":"auto","background-attachment":"scroll","background-type":"","background-media":"","overlay-type":"","overlay-color":"","overlay-opacity":"","overlay-gradient":""},"mobile":{"background-color":"var(--ast-global-color-5)","background-image":"","background-repeat":"repeat","background-position":"center center","background-size":"auto","background-attachment":"scroll","background-type":"","background-media":"","overlay-type":"","overlay-color":"","overlay-opacity":"","overlay-gradient":""}},"footnotes":""},"class_list":["post-725","page","type-page","status-publish","hentry"],"kubio_ai_page_context":{"short_desc":"","purpose":"general"},"_links":{"self":[{"href":"https:\/\/calaispassionechecs.fr\/index.php?rest_route=\/wp\/v2\/pages\/725","targetHints":{"allow":["GET"]}}],"collection":[{"href":"https:\/\/calaispassionechecs.fr\/index.php?rest_route=\/wp\/v2\/pages"}],"about":[{"href":"https:\/\/calaispassionechecs.fr\/index.php?rest_route=\/wp\/v2\/types\/page"}],"author":[{"embeddable":true,"href":"https:\/\/calaispassionechecs.fr\/index.php?rest_route=\/wp\/v2\/users\/2"}],"replies":[{"embeddable":true,"href":"https:\/\/calaispassionechecs.fr\/index.php?rest_route=%2Fwp%2Fv2%2Fcomments&post=725"}],"version-history":[{"count":5,"href":"https:\/\/calaispassionechecs.fr\/index.php?rest_route=\/wp\/v2\/pages\/725\/revisions"}],"predecessor-version":[{"id":757,"href":"https:\/\/calaispassionechecs.fr\/index.php?rest_route=\/wp\/v2\/pages\/725\/revisions\/757"}],"wp:attachment":[{"href":"https:\/\/calaispassionechecs.fr\/index.php?rest_route=%2Fwp%2Fv2%2Fmedia&parent=725"}],"curies":[{"name":"wp","href":"https:\/\/api.w.org\/{rel}","templated":true}]}}