{"id":93,"date":"2021-09-23T15:32:50","date_gmt":"2021-09-23T13:32:50","guid":{"rendered":"http:\/\/calaispassionechecs.fr\/?page_id=93"},"modified":"2025-06-15T07:04:42","modified_gmt":"2025-06-15T05:04:42","slug":"le-club","status":"publish","type":"page","link":"https:\/\/calaispassionechecs.fr\/?page_id=93","title":{"rendered":"Le club"},"content":{"rendered":"\n<figure class=\"wp-block-image aligncenter size-full is-resized\"><img loading=\"lazy\" decoding=\"async\" width=\"800\" height=\"450\" src=\"http:\/\/calaispassionechecs.fr\/wp-content\/uploads\/2021\/09\/club.jpg\" alt=\"\" class=\"wp-image-101\" style=\"width:921px;height:518px\" srcset=\"https:\/\/calaispassionechecs.fr\/wp-content\/uploads\/2021\/09\/club.jpg 800w, https:\/\/calaispassionechecs.fr\/wp-content\/uploads\/2021\/09\/club-300x169.jpg 300w, https:\/\/calaispassionechecs.fr\/wp-content\/uploads\/2021\/09\/club-768x432.jpg 768w\" sizes=\"auto, (max-width: 800px) 100vw, 800px\" \/><\/figure>\n\n\n\n<p>Le club est ouvert \u00e0 toute personne voulant jouer aux \u00e9checs: de la personne qui d\u00e9bute \u00e0 celle qui connait d\u00e9j\u00e0 le jeu en club. Le fait de jouer en club permet de rencontrer d&rsquo;autres joueurs et de progresser, le tout dans la convivialit\u00e9.<\/p>\n\n\n\n<p>Le club de Calais vous propose:<\/p>\n\n\n\n<ul class=\"wp-block-list\">\n<li>des parties amicales<\/li>\n\n\n\n<li>l&rsquo;acc\u00e8s \u00e0 une biblioth\u00e8que<\/li>\n\n\n\n<li>une aide pour ceux qui d\u00e9butent<\/li>\n\n\n\n<li>des comp\u00e9titions internes ( tournois, championnat interne)<\/li>\n\n\n\n<li>des cours<\/li>\n\n\n\n<li>la possibilit\u00e9 de jouer en \u00e9quipe en comp\u00e9tition<\/li>\n<\/ul>\n\n\n\n<p>Pour les plus jeunes, une \u00e9cole d&rsquo;\u00e9checs est ouverte le samedi matin de 10h \u00e0 11h30.<\/p>\n\n\n\n<p>Les horaires pour les autres sont: le mercredi de 17h \u00e0 20h30 et le samedi de 14h \u00e0 18h.<\/p>\n\n\n\n<p>Le samedi, une s\u00e9ance d&rsquo;exercices a lieu de 14h \u00e0 15h. Id\u00e9al pour les d\u00e9butants et m\u00eame pour les autres.<\/p>\n\n\n\n<p>L&rsquo;adh\u00e9sion co\u00fbte 35 euros \u00e0 l&rsquo;ann\u00e9e pour une licence loisir (75 pour une licence comp\u00e9tition)<\/p>\n\n\n\n<p><\/p>\n\n\n\n<p><\/p>\n","protected":false},"excerpt":{"rendered":"<p>Le club est ouvert \u00e0 toute personne voulant jouer aux \u00e9checs: de la personne qui d\u00e9bute \u00e0 celle qui connait d\u00e9j\u00e0 le jeu en club. Le fait de jouer en [&hellip;]<\/p>\n","protected":false},"author":2,"featured_media":0,"parent":0,"menu_order":0,"comment_status":"closed","ping_status":"closed","template":"","meta":{"site-sidebar-layout":"default","site-content-layout":"default","ast-site-content-layout":"default","site-content-style":"default","site-sidebar-style":"default","ast-global-header-display":"","ast-banner-title-visibility":"","ast-main-header-display":"","ast-hfb-above-header-display":"","ast-hfb-below-header-display":"","ast-hfb-mobile-header-display":"","site-post-title":"","ast-breadcrumbs-content":"","ast-featured-img":"","footer-sml-layout":"","theme-transparent-header-meta":"default","adv-header-id-meta":"","stick-header-meta":"","header-above-stick-meta":"","header-main-stick-meta":"","header-below-stick-meta":"","astra-migrate-meta-layouts":"set","ast-page-background-enabled":"default","ast-page-background-meta":{"desktop":{"background-color":"var(--ast-global-color-4)","background-image":"","background-repeat":"repeat","background-position":"center center","background-size":"auto","background-attachment":"scroll","background-type":"","background-media":"","overlay-type":"","overlay-color":"","overlay-opacity":"","overlay-gradient":""},"tablet":{"background-color":"","background-image":"","background-repeat":"repeat","background-position":"center center","background-size":"auto","background-attachment":"scroll","background-type":"","background-media":"","overlay-type":"","overlay-color":"","overlay-opacity":"","overlay-gradient":""},"mobile":{"background-color":"","background-image":"","background-repeat":"repeat","background-position":"center center","background-size":"auto","background-attachment":"scroll","background-type":"","background-media":"","overlay-type":"","overlay-color":"","overlay-opacity":"","overlay-gradient":""}},"ast-content-background-meta":{"desktop":{"background-color":"var(--ast-global-color-5)","background-image":"","background-repeat":"repeat","background-position":"center center","background-size":"auto","background-attachment":"scroll","background-type":"","background-media":"","overlay-type":"","overlay-color":"","overlay-opacity":"","overlay-gradient":""},"tablet":{"background-color":"var(--ast-global-color-5)","background-image":"","background-repeat":"repeat","background-position":"center center","background-size":"auto","background-attachment":"scroll","background-type":"","background-media":"","overlay-type":"","overlay-color":"","overlay-opacity":"","overlay-gradient":""},"mobile":{"background-color":"var(--ast-global-color-5)","background-image":"","background-repeat":"repeat","background-position":"center center","background-size":"auto","background-attachment":"scroll","background-type":"","background-media":"","overlay-type":"","overlay-color":"","overlay-opacity":"","overlay-gradient":""}},"footnotes":""},"class_list":["post-93","page","type-page","status-publish","hentry"],"_links":{"self":[{"href":"https:\/\/calaispassionechecs.fr\/index.php?rest_route=\/wp\/v2\/pages\/93","targetHints":{"allow":["GET"]}}],"collection":[{"href":"https:\/\/calaispassionechecs.fr\/index.php?rest_route=\/wp\/v2\/pages"}],"about":[{"href":"https:\/\/calaispassionechecs.fr\/index.php?rest_route=\/wp\/v2\/types\/page"}],"author":[{"embeddable":true,"href":"https:\/\/calaispassionechecs.fr\/index.php?rest_route=\/wp\/v2\/users\/2"}],"replies":[{"embeddable":true,"href":"https:\/\/calaispassionechecs.fr\/index.php?rest_route=%2Fwp%2Fv2%2Fcomments&post=93"}],"version-history":[{"count":7,"href":"https:\/\/calaispassionechecs.fr\/index.php?rest_route=\/wp\/v2\/pages\/93\/revisions"}],"predecessor-version":[{"id":1023,"href":"https:\/\/calaispassionechecs.fr\/index.php?rest_route=\/wp\/v2\/pages\/93\/revisions\/1023"}],"wp:attachment":[{"href":"https:\/\/calaispassionechecs.fr\/index.php?rest_route=%2Fwp%2Fv2%2Fmedia&parent=93"}],"curies":[{"name":"wp","href":"https:\/\/api.w.org\/{rel}","templated":true}]}}